{"id":2,"date":"2019-04-10T11:05:46","date_gmt":"2019-04-10T09:05:46","guid":{"rendered":"http:\/\/umabci.uma.es\/?page_id=2"},"modified":"2019-07-31T13:41:09","modified_gmt":"2019-07-31T11:41:09","slug":"inicio","status":"publish","type":"page","link":"https:\/\/umabci.uma.es\/","title":{"rendered":"Inicio"},"content":{"rendered":"\n<div class=\"wp-block-media-text alignwide\" style=\"grid-template-columns:23% auto\"><figure class=\"wp-block-media-text__media\"><img loading=\"lazy\" decoding=\"async\" width=\"800\" height=\"800\" src=\"http:\/\/umabci.uma.es\/wp-content\/uploads\/2019\/04\/logo-UMABCI7_800x800-2.jpg\" alt=\"Logo UMA-BCI\" class=\"wp-image-259\" srcset=\"https:\/\/umabci.uma.es\/wp-content\/uploads\/2019\/04\/logo-UMABCI7_800x800-2.jpg 800w, https:\/\/umabci.uma.es\/wp-content\/uploads\/2019\/04\/logo-UMABCI7_800x800-2-150x150.jpg 150w, https:\/\/umabci.uma.es\/wp-content\/uploads\/2019\/04\/logo-UMABCI7_800x800-2-300x300.jpg 300w, https:\/\/umabci.uma.es\/wp-content\/uploads\/2019\/04\/logo-UMABCI7_800x800-2-768x768.jpg 768w\" sizes=\"auto, (max-width: 800px) 100vw, 800px\" \/><\/figure><div class=\"wp-block-media-text__content\">\n<p class=\"has-medium-font-size\"> El grupo UMA-BCI de la Universidad de M\u00e1laga (<a href=\"https:\/\/www.uma.es\/\">UMA<\/a>)  trabaja en la investigaci\u00f3n y el desarrollo de Interfaces  Cerebro-Computadora (Brain-Computer Interfaces, BCI). Pertenece al grupo  de investigaci\u00f3n <a href=\"http:\/\/www.diana.uma.es\/index.php?lang=es\">DIANA<\/a> ( Dise\u00f1o de Interfaces AvaNzAdos, grupoTIC171 del PAIDI). <\/p>\n<\/div><\/div>\n\n\n\n<p>El desarrollo de un sistema BCI trata una interfaz entre el cerebro humano y un sistema  artificial, tal como una computadora. En  los \u00faltimos a\u00f1os ha crecido mucho el inter\u00e9s por lograr este objetivo,  siendo una de sus aplicaciones m\u00e1s importantes en el campo de la  medicina y m\u00e1s concretamente en la rehabilitaci\u00f3n, contribuyendo a  establecer un canal de comunicaci\u00f3n y control para aquellos individuos  con importantes deficiencias en sus funciones motoras. <\/p>\n\n\n\n<figure class=\"wp-block-image\"><img loading=\"lazy\" decoding=\"async\" width=\"826\" height=\"520\" src=\"http:\/\/umabci.uma.es\/wp-content\/uploads\/2019\/07\/bci_2.png\" alt=\"Esquema BCI\" class=\"wp-image-347\" srcset=\"https:\/\/umabci.uma.es\/wp-content\/uploads\/2019\/07\/bci_2.png 826w, https:\/\/umabci.uma.es\/wp-content\/uploads\/2019\/07\/bci_2-300x189.png 300w, https:\/\/umabci.uma.es\/wp-content\/uploads\/2019\/07\/bci_2-768x483.png 768w\" sizes=\"auto, (max-width: 826px) 100vw, 826px\" \/><\/figure>\n\n\n\n<p>Una  interfaz cerebro computadora se basa principalmente en el an\u00e1lisis de  las se\u00f1ales electroencefalogr\u00e1ficas (EEG) captadas durante alg\u00fan tipo de  actividad mental con la finalidad de controlar un componente externo.  La actividad EEG incluye una variedad de diferentes ritmos identificados  por su frecuencia, localizaci\u00f3n y otros aspectos relacionados con la  funci\u00f3n cerebral que hacen que la se\u00f1al EEG sea extremadamente compleja  sin embargo, numerosos estudios muestran la capacidad que tienen las  personas para controlar algunas caracter\u00edsticas de dicha actividad EEG.  Si se consiguiera aprender r\u00e1pidamente a controlar estas  caracter\u00edsticas, la se\u00f1al EEG podr\u00eda presentar una nueva funci\u00f3n  cerebral; podr\u00eda convertirse en una nueva se\u00f1al de salida que permitiera  trasmitir los deseos de una persona a un componente externo. <\/p>\n\n\n\n<p><\/p>\n","protected":false},"excerpt":{"rendered":"<p>El grupo UMA-BCI de la Universidad de M\u00e1laga (UMA) trabaja en la investigaci\u00f3n y el desarrollo de Interfaces Cerebro-Computadora (Brain-Computer Interfaces, BCI). Pertenece al grupo de investigaci\u00f3n DIANA ( Dise\u00f1o de Interfaces AvaNzAdos, grupoTIC171 del PAIDI). El desarrollo de un sistema BCI trata una interfaz entre el cerebro humano y un sistema artificial, tal como &hellip; <a href=\"https:\/\/umabci.uma.es\/\" class=\"more-link\">Seguir leyendo <span class=\"screen-reader-text\">Inicio<\/span> <span class=\"meta-nav\">&rarr;<\/span><\/a><\/p>\n","protected":false},"author":1,"featured_media":0,"parent":0,"menu_order":0,"comment_status":"closed","ping_status":"closed","template":"","meta":{"footnotes":""},"class_list":["post-2","page","type-page","status-publish","hentry"],"yoast_head":"<!-- This site is optimized with the Yoast SEO plugin v26.2 - https:\/\/yoast.com\/wordpress\/plugins\/seo\/ -->\n<title>UMA-BCI. Interfaces Cerebro-Computadora (Universidad de M\u00e1laga)<\/title>\n<meta name=\"description\" content=\"El grupo de investigaci\u00f3n UMA-BCI de la Universidad de M\u00e1laga trabaja en el desarrollo de Interfaces Cerebro-Computadora (BCI)\" \/>\n<meta name=\"robots\" content=\"index, follow, max-snippet:-1, max-image-preview:large, max-video-preview:-1\" \/>\n<link rel=\"canonical\" href=\"https:\/\/umabci.uma.es\/\" \/>\n<meta property=\"og:locale\" content=\"es_ES\" \/>\n<meta property=\"og:type\" content=\"article\" \/>\n<meta property=\"og:title\" content=\"UMA-BCI. Interfaces Cerebro-Computadora (Universidad de M\u00e1laga)\" \/>\n<meta property=\"og:description\" content=\"El grupo de investigaci\u00f3n UMA-BCI de la Universidad de M\u00e1laga trabaja en el desarrollo de Interfaces Cerebro-Computadora (BCI)\" \/>\n<meta property=\"og:url\" content=\"https:\/\/umabci.uma.es\/\" \/>\n<meta property=\"og:site_name\" content=\"UMA-BCI\" \/>\n<meta property=\"article:modified_time\" content=\"2019-07-31T11:41:09+00:00\" \/>\n<meta property=\"og:image\" content=\"http:\/\/umabci.uma.es\/wp-content\/uploads\/2019\/04\/logo-UMABCI7_800x800-2.jpg\" \/>\n<meta name=\"twitter:card\" content=\"summary_large_image\" \/>\n<meta name=\"twitter:label1\" content=\"Tiempo de lectura\" \/>\n\t<meta name=\"twitter:data1\" content=\"1 minuto\" \/>\n<script type=\"application\/ld+json\" class=\"yoast-schema-graph\">{\"@context\":\"https:\/\/schema.org\",\"@graph\":[{\"@type\":\"WebPage\",\"@id\":\"https:\/\/umabci.uma.es\/\",\"url\":\"https:\/\/umabci.uma.es\/\",\"name\":\"UMA-BCI. Interfaces Cerebro-Computadora (Universidad de M\u00e1laga)\",\"isPartOf\":{\"@id\":\"https:\/\/umabci.uma.es\/#website\"},\"primaryImageOfPage\":{\"@id\":\"https:\/\/umabci.uma.es\/#primaryimage\"},\"image\":{\"@id\":\"https:\/\/umabci.uma.es\/#primaryimage\"},\"thumbnailUrl\":\"http:\/\/umabci.uma.es\/wp-content\/uploads\/2019\/04\/logo-UMABCI7_800x800-2.jpg\",\"datePublished\":\"2019-04-10T09:05:46+00:00\",\"dateModified\":\"2019-07-31T11:41:09+00:00\",\"description\":\"El grupo de investigaci\u00f3n UMA-BCI de la Universidad de M\u00e1laga trabaja en el desarrollo de Interfaces Cerebro-Computadora (BCI)\",\"breadcrumb\":{\"@id\":\"https:\/\/umabci.uma.es\/#breadcrumb\"},\"inLanguage\":\"es\",\"potentialAction\":[{\"@type\":\"ReadAction\",\"target\":[\"https:\/\/umabci.uma.es\/\"]}]},{\"@type\":\"ImageObject\",\"inLanguage\":\"es\",\"@id\":\"https:\/\/umabci.uma.es\/#primaryimage\",\"url\":\"http:\/\/umabci.uma.es\/wp-content\/uploads\/2019\/04\/logo-UMABCI7_800x800-2.jpg\",\"contentUrl\":\"http:\/\/umabci.uma.es\/wp-content\/uploads\/2019\/04\/logo-UMABCI7_800x800-2.jpg\"},{\"@type\":\"BreadcrumbList\",\"@id\":\"https:\/\/umabci.uma.es\/#breadcrumb\",\"itemListElement\":[{\"@type\":\"ListItem\",\"position\":1,\"name\":\"Portada\",\"item\":\"https:\/\/umabci.uma.es\/\"},{\"@type\":\"ListItem\",\"position\":2,\"name\":\"Inicio\"}]},{\"@type\":\"WebSite\",\"@id\":\"https:\/\/umabci.uma.es\/#website\",\"url\":\"https:\/\/umabci.uma.es\/\",\"name\":\"UMA-BCI\",\"description\":\"Interfaces Cerebro-Computadora\",\"potentialAction\":[{\"@type\":\"SearchAction\",\"target\":{\"@type\":\"EntryPoint\",\"urlTemplate\":\"https:\/\/umabci.uma.es\/?s={search_term_string}\"},\"query-input\":{\"@type\":\"PropertyValueSpecification\",\"valueRequired\":true,\"valueName\":\"search_term_string\"}}],\"inLanguage\":\"es\"}]}<\/script>\n<!-- \/ Yoast SEO plugin. -->","yoast_head_json":{"title":"UMA-BCI. Interfaces Cerebro-Computadora (Universidad de M\u00e1laga)","description":"El grupo de investigaci\u00f3n UMA-BCI de la Universidad de M\u00e1laga trabaja en el desarrollo de Interfaces Cerebro-Computadora (BCI)","robots":{"index":"index","follow":"follow","max-snippet":"max-snippet:-1","max-image-preview":"max-image-preview:large","max-video-preview":"max-video-preview:-1"},"canonical":"https:\/\/umabci.uma.es\/","og_locale":"es_ES","og_type":"article","og_title":"UMA-BCI. Interfaces Cerebro-Computadora (Universidad de M\u00e1laga)","og_description":"El grupo de investigaci\u00f3n UMA-BCI de la Universidad de M\u00e1laga trabaja en el desarrollo de Interfaces Cerebro-Computadora (BCI)","og_url":"https:\/\/umabci.uma.es\/","og_site_name":"UMA-BCI","article_modified_time":"2019-07-31T11:41:09+00:00","og_image":[{"url":"http:\/\/umabci.uma.es\/wp-content\/uploads\/2019\/04\/logo-UMABCI7_800x800-2.jpg","type":"","width":"","height":""}],"twitter_card":"summary_large_image","twitter_misc":{"Tiempo de lectura":"1 minuto"},"schema":{"@context":"https:\/\/schema.org","@graph":[{"@type":"WebPage","@id":"https:\/\/umabci.uma.es\/","url":"https:\/\/umabci.uma.es\/","name":"UMA-BCI. Interfaces Cerebro-Computadora (Universidad de M\u00e1laga)","isPartOf":{"@id":"https:\/\/umabci.uma.es\/#website"},"primaryImageOfPage":{"@id":"https:\/\/umabci.uma.es\/#primaryimage"},"image":{"@id":"https:\/\/umabci.uma.es\/#primaryimage"},"thumbnailUrl":"http:\/\/umabci.uma.es\/wp-content\/uploads\/2019\/04\/logo-UMABCI7_800x800-2.jpg","datePublished":"2019-04-10T09:05:46+00:00","dateModified":"2019-07-31T11:41:09+00:00","description":"El grupo de investigaci\u00f3n UMA-BCI de la Universidad de M\u00e1laga trabaja en el desarrollo de Interfaces Cerebro-Computadora (BCI)","breadcrumb":{"@id":"https:\/\/umabci.uma.es\/#breadcrumb"},"inLanguage":"es","potentialAction":[{"@type":"ReadAction","target":["https:\/\/umabci.uma.es\/"]}]},{"@type":"ImageObject","inLanguage":"es","@id":"https:\/\/umabci.uma.es\/#primaryimage","url":"http:\/\/umabci.uma.es\/wp-content\/uploads\/2019\/04\/logo-UMABCI7_800x800-2.jpg","contentUrl":"http:\/\/umabci.uma.es\/wp-content\/uploads\/2019\/04\/logo-UMABCI7_800x800-2.jpg"},{"@type":"BreadcrumbList","@id":"https:\/\/umabci.uma.es\/#breadcrumb","itemListElement":[{"@type":"ListItem","position":1,"name":"Portada","item":"https:\/\/umabci.uma.es\/"},{"@type":"ListItem","position":2,"name":"Inicio"}]},{"@type":"WebSite","@id":"https:\/\/umabci.uma.es\/#website","url":"https:\/\/umabci.uma.es\/","name":"UMA-BCI","description":"Interfaces Cerebro-Computadora","potentialAction":[{"@type":"SearchAction","target":{"@type":"EntryPoint","urlTemplate":"https:\/\/umabci.uma.es\/?s={search_term_string}"},"query-input":{"@type":"PropertyValueSpecification","valueRequired":true,"valueName":"search_term_string"}}],"inLanguage":"es"}]}},"_links":{"self":[{"href":"https:\/\/umabci.uma.es\/index.php\/wp-json\/wp\/v2\/pages\/2","targetHints":{"allow":["GET"]}}],"collection":[{"href":"https:\/\/umabci.uma.es\/index.php\/wp-json\/wp\/v2\/pages"}],"about":[{"href":"https:\/\/umabci.uma.es\/index.php\/wp-json\/wp\/v2\/types\/page"}],"author":[{"embeddable":true,"href":"https:\/\/umabci.uma.es\/index.php\/wp-json\/wp\/v2\/users\/1"}],"replies":[{"embeddable":true,"href":"https:\/\/umabci.uma.es\/index.php\/wp-json\/wp\/v2\/comments?post=2"}],"version-history":[{"count":21,"href":"https:\/\/umabci.uma.es\/index.php\/wp-json\/wp\/v2\/pages\/2\/revisions"}],"predecessor-version":[{"id":366,"href":"https:\/\/umabci.uma.es\/index.php\/wp-json\/wp\/v2\/pages\/2\/revisions\/366"}],"wp:attachment":[{"href":"https:\/\/umabci.uma.es\/index.php\/wp-json\/wp\/v2\/media?parent=2"}],"curies":[{"name":"wp","href":"https:\/\/api.w.org\/{rel}","templated":true}]}}