{"id":231,"date":"2019-04-25T14:55:35","date_gmt":"2019-04-25T12:55:35","guid":{"rendered":"http:\/\/umabci.uma.es\/?page_id=231"},"modified":"2024-07-29T11:45:13","modified_gmt":"2024-07-29T09:45:13","slug":"premios","status":"publish","type":"page","link":"https:\/\/umabci.uma.es\/index.php\/premios\/","title":{"rendered":"Premios"},"content":{"rendered":"\n<ul class=\"wp-block-list\">\n<li>26\/06\/2023. El art\u00edculo presentado en la conferencia COGNITIVE 2023, \u201cEvaluation of Different Types of Stimuli in a ERP-Based Brain-Computer Interface Speller under RSVP\u201d ha recibido el premio a mejor art\u00edculo de dicha conferencia, (<a href=\"https:\/\/www.iaria.org\/conferences2023\/AwardsCOGNITIVE23.html\">Link<\/a>).<\/li>\n\n\n\n<li>05\/09\/2019. El art\u00edculo presentado en la conferencia BRAININFO 2019,  \u201cExploring a P300 Brain-Computer Interface Based on Three Different RSVP Paradigms\u201d ha recibido el premio a mejor art\u00edculo de dicha conferencia, (<a href=\"https:\/\/www.iaria.org\/conferences2019\/awardsBRAININFO19\/braininfo2019_a1.pdf\">enlace<\/a>).  <\/li>\n\n\n\n<li> 03\/09\/2018. El art\u00edculo presentado en la conferencia BRAININFO 2018, \u201cEvaluation of a P300 Brain-Computer Interface Using Different Sets of Flashing Stimuli\u201d ha recibido el premio a mejor art\u00edculo de dicha  conferencia, (<a href=\"https:\/\/www.iaria.org\/conferences2018\/AwardsBRAININFO18.html\">enlace<\/a>). <\/li>\n\n\n\n<li>12\/2017.  El proyecto SICSE es galardonado en la segunda convocatoria de ayudas a  proyectos de investigaci\u00f3n aplicadas al desarrollo de Tecnolog\u00edas  Accesibles, lanzada por Indra y Fundaci\u00f3n Universia en septiembre de  2017 de entre m\u00e1s de 70 propuestas (<a href=\"https:\/\/www.fundacionuniversia.net\/tres-innovadores-proyectos-mejorar-la-comunicacion-la-movilidad-personas-discapacidad-reciben-impulso-indra-fundacion-universia\/\" target=\"_blank\" rel=\"noreferrer noopener\">enlace<\/a>). <\/li>\n\n\n\n<li> 22\/6\/2015. El Proyecto INCADI resulta  galardonado con el Accesit de  los  \u201cPremios Dependencia y Sociedad\u201d  otorgados por la Fundaci\u00f3n CASER (<a href=\"https:\/\/www.uma.es\/sala-de-prensa\/noticias\/el-equipo-uma-bci-del-grupo-de-investigacion-diana-premiado-con-un-accesit-por-la-fundacion-caser\/?set_language=en\" target=\"_blank\" rel=\"noreferrer noopener\">enlace<\/a>). <\/li>\n\n\n\n<li> 04\/12\/2014. El Proyecto INCADI resulta ganador del \u00abPremio Mejor Historia de Luz\u00bb, del portal de noticias Historias de Luz (<a href=\"http:\/\/www.historiasdeluz.es\/historia-del-dia\/innovacion\/noticias-andalucia-ela-premios-cerebro\" target=\"_blank\" rel=\"noreferrer noopener\">enlace<\/a>, <a href=\"https:\/\/youtu.be\/l55QqhJx_4A?t=3070\">v\u00eddeo entrega de premios<\/a>).<\/li>\n\n\n\n<li>05\/2014. El art\u00edculo \u201cA Brain-Computer Interface Speller with a Reduced  Matrix: A Case study in a Patient with Amyotrophic Lateral  Sclerosis\u201d, presentado en el congreso \u00abSixth International Conference on  Advanced Cognitive Technologies and Applications, COGNITIVE 2014\u00bb fue uno de los premiados con el  reconocimiento \u201c<a href=\"http:\/\/www.iaria.org\/conferences2014\/AwardsCOGNITIVE14.html\">Best Paper Award<\/a>\u201d de dicha conferencia.<\/li>\n<\/ul>\n","protected":false},"excerpt":{"rendered":"","protected":false},"author":1,"featured_media":0,"parent":0,"menu_order":0,"comment_status":"closed","ping_status":"closed","template":"","meta":{"footnotes":""},"class_list":["post-231","page","type-page","status-publish","hentry"],"yoast_head":"<!-- This site is optimized with the Yoast SEO plugin v26.2 - https:\/\/yoast.com\/wordpress\/plugins\/seo\/ -->\n<title>Premios - UMA-BCI<\/title>\n<meta name=\"robots\" content=\"index, follow, max-snippet:-1, max-image-preview:large, max-video-preview:-1\" \/>\n<link rel=\"canonical\" href=\"https:\/\/umabci.uma.es\/index.php\/premios\/\" \/>\n<meta property=\"og:locale\" content=\"es_ES\" \/>\n<meta property=\"og:type\" content=\"article\" \/>\n<meta property=\"og:title\" content=\"Premios - UMA-BCI\" \/>\n<meta property=\"og:url\" content=\"https:\/\/umabci.uma.es\/index.php\/premios\/\" \/>\n<meta property=\"og:site_name\" content=\"UMA-BCI\" \/>\n<meta property=\"article:modified_time\" content=\"2024-07-29T09:45:13+00:00\" \/>\n<meta name=\"twitter:card\" content=\"summary_large_image\" \/>\n<meta name=\"twitter:label1\" content=\"Tiempo de lectura\" \/>\n\t<meta name=\"twitter:data1\" content=\"2 minutos\" \/>\n<script type=\"application\/ld+json\" class=\"yoast-schema-graph\">{\"@context\":\"https:\/\/schema.org\",\"@graph\":[{\"@type\":\"WebPage\",\"@id\":\"https:\/\/umabci.uma.es\/index.php\/premios\/\",\"url\":\"https:\/\/umabci.uma.es\/index.php\/premios\/\",\"name\":\"Premios - UMA-BCI\",\"isPartOf\":{\"@id\":\"https:\/\/umabci.uma.es\/#website\"},\"datePublished\":\"2019-04-25T12:55:35+00:00\",\"dateModified\":\"2024-07-29T09:45:13+00:00\",\"breadcrumb\":{\"@id\":\"https:\/\/umabci.uma.es\/index.php\/premios\/#breadcrumb\"},\"inLanguage\":\"es\",\"potentialAction\":[{\"@type\":\"ReadAction\",\"target\":[\"https:\/\/umabci.uma.es\/index.php\/premios\/\"]}]},{\"@type\":\"BreadcrumbList\",\"@id\":\"https:\/\/umabci.uma.es\/index.php\/premios\/#breadcrumb\",\"itemListElement\":[{\"@type\":\"ListItem\",\"position\":1,\"name\":\"Portada\",\"item\":\"https:\/\/umabci.uma.es\/\"},{\"@type\":\"ListItem\",\"position\":2,\"name\":\"Premios\"}]},{\"@type\":\"WebSite\",\"@id\":\"https:\/\/umabci.uma.es\/#website\",\"url\":\"https:\/\/umabci.uma.es\/\",\"name\":\"UMA-BCI\",\"description\":\"Interfaces Cerebro-Computadora\",\"potentialAction\":[{\"@type\":\"SearchAction\",\"target\":{\"@type\":\"EntryPoint\",\"urlTemplate\":\"https:\/\/umabci.uma.es\/?s={search_term_string}\"},\"query-input\":{\"@type\":\"PropertyValueSpecification\",\"valueRequired\":true,\"valueName\":\"search_term_string\"}}],\"inLanguage\":\"es\"}]}<\/script>\n<!-- \/ Yoast SEO plugin. -->","yoast_head_json":{"title":"Premios - UMA-BCI","robots":{"index":"index","follow":"follow","max-snippet":"max-snippet:-1","max-image-preview":"max-image-preview:large","max-video-preview":"max-video-preview:-1"},"canonical":"https:\/\/umabci.uma.es\/index.php\/premios\/","og_locale":"es_ES","og_type":"article","og_title":"Premios - UMA-BCI","og_url":"https:\/\/umabci.uma.es\/index.php\/premios\/","og_site_name":"UMA-BCI","article_modified_time":"2024-07-29T09:45:13+00:00","twitter_card":"summary_large_image","twitter_misc":{"Tiempo de lectura":"2 minutos"},"schema":{"@context":"https:\/\/schema.org","@graph":[{"@type":"WebPage","@id":"https:\/\/umabci.uma.es\/index.php\/premios\/","url":"https:\/\/umabci.uma.es\/index.php\/premios\/","name":"Premios - UMA-BCI","isPartOf":{"@id":"https:\/\/umabci.uma.es\/#website"},"datePublished":"2019-04-25T12:55:35+00:00","dateModified":"2024-07-29T09:45:13+00:00","breadcrumb":{"@id":"https:\/\/umabci.uma.es\/index.php\/premios\/#breadcrumb"},"inLanguage":"es","potentialAction":[{"@type":"ReadAction","target":["https:\/\/umabci.uma.es\/index.php\/premios\/"]}]},{"@type":"BreadcrumbList","@id":"https:\/\/umabci.uma.es\/index.php\/premios\/#breadcrumb","itemListElement":[{"@type":"ListItem","position":1,"name":"Portada","item":"https:\/\/umabci.uma.es\/"},{"@type":"ListItem","position":2,"name":"Premios"}]},{"@type":"WebSite","@id":"https:\/\/umabci.uma.es\/#website","url":"https:\/\/umabci.uma.es\/","name":"UMA-BCI","description":"Interfaces Cerebro-Computadora","potentialAction":[{"@type":"SearchAction","target":{"@type":"EntryPoint","urlTemplate":"https:\/\/umabci.uma.es\/?s={search_term_string}"},"query-input":{"@type":"PropertyValueSpecification","valueRequired":true,"valueName":"search_term_string"}}],"inLanguage":"es"}]}},"_links":{"self":[{"href":"https:\/\/umabci.uma.es\/index.php\/wp-json\/wp\/v2\/pages\/231","targetHints":{"allow":["GET"]}}],"collection":[{"href":"https:\/\/umabci.uma.es\/index.php\/wp-json\/wp\/v2\/pages"}],"about":[{"href":"https:\/\/umabci.uma.es\/index.php\/wp-json\/wp\/v2\/types\/page"}],"author":[{"embeddable":true,"href":"https:\/\/umabci.uma.es\/index.php\/wp-json\/wp\/v2\/users\/1"}],"replies":[{"embeddable":true,"href":"https:\/\/umabci.uma.es\/index.php\/wp-json\/wp\/v2\/comments?post=231"}],"version-history":[{"count":7,"href":"https:\/\/umabci.uma.es\/index.php\/wp-json\/wp\/v2\/pages\/231\/revisions"}],"predecessor-version":[{"id":588,"href":"https:\/\/umabci.uma.es\/index.php\/wp-json\/wp\/v2\/pages\/231\/revisions\/588"}],"wp:attachment":[{"href":"https:\/\/umabci.uma.es\/index.php\/wp-json\/wp\/v2\/media?parent=231"}],"curies":[{"name":"wp","href":"https:\/\/api.w.org\/{rel}","templated":true}]}}