{"id":51,"date":"2019-04-22T13:11:15","date_gmt":"2019-04-22T11:11:15","guid":{"rendered":"http:\/\/umabci.uma.es\/?page_id=51"},"modified":"2025-04-09T15:57:12","modified_gmt":"2025-04-09T13:57:12","slug":"proyectos","status":"publish","type":"page","link":"https:\/\/umabci.uma.es\/index.php\/proyectos\/","title":{"rendered":"Proyectos y Contratos"},"content":{"rendered":"\n<ul class=\"wp-block-list\">\n<li><a href=\"http:\/\/umabci.uma.es\/sicodis\/\">SICODIS<\/a>: SIstemas de COmunicaci\u00f3n cerebral para personas con graves DIScapacidades motoras (PID2021-127261OB-I00), Ministerio de Ciencia e Innovaci\u00f3n. Duraci\u00f3n: Enero 2022 &#8211; Septiembre 2025.<\/li>\n\n\n\n<li><a href=\"http:\/\/umabci.uma.es\/siccau\/\">SICCAU <\/a>(Sistema de Interacci\u00f3n Cerebral de ayuda a personas con s\u00edndrome de CAUtiverio).  Proyecto financiado por el Ministerio de Ciencia, Innovaci\u00f3n y Universidades (Referencia:  RTI2018-100912-B-I00 ) y por los fondos FEDER de  la Uni\u00f3n Europea.  Duraci\u00f3n: Enero de 2019 \u2013 Diciembre de 2021.  <\/li>\n<\/ul>\n\n\n\n<ul class=\"wp-block-list\">\n<li><a href=\"https:\/\/www.tecnologiasaccesibles.com\/es\/content\/proyecto-sicse\">SICSE<\/a> (Sistema de comunicaci\u00f3n para pacientes con s\u00edndrome de enclaustramiento).  Contrato financiado por  INDRA Sistemas S.A. y la Fundaci\u00f3n Universia (Referencia: 8.07\/5.58.5056). Duraci\u00f3n: Junio 2018 -Junio de 2019 (pendiente de pr\u00f3rroga). Dicho contrato es consecuencia de un Convenio de Colaboraci\u00f3n entre la Universidad de M\u00e1laga, INDRA Sistemas S.A. y la Fundaci\u00f3n Universia. Dicho convenio surge al resultar el proyecto SICSE galardonado en la segunda convocatoria de ayudas a proyectos de investigaci\u00f3n aplicadas al desarrollo de Tecnolog\u00edas Accesibles, lanzada por Indra y Fundaci\u00f3n Universia en septiembre de 2017 de entre m\u00e1s de 70 propuestas (<a rel=\"noreferrer noopener\" href=\"https:\/\/www.fundacionuniversia.net\/tres-innovadores-proyectos-mejorar-la-comunicacion-la-movilidad-personas-discapacidad-reciben-impulso-indra-fundacion-universia\/\" target=\"_blank\">enlace<\/a>).  <\/li>\n<\/ul>\n\n\n\n<ul class=\"wp-block-list\">\n<li> <a rel=\"noreferrer noopener\" aria-label=\"LiCOM  (abre en una nueva pesta\u00f1a)\" href=\"http:\/\/www.licom.uma.es\" target=\"_blank\">LiCOM <\/a>( Sistema de comunicaci\u00f3n para personas en estado de S\u00edndrome de Enclaustramiento ). Proyecto financiado por el Ministerio de Econom\u00eda y  Competitividad   (Referencia: DPI2015-67064-R) y por los fondos FEDER de  la Uni\u00f3n  Europea.  Duraci\u00f3n: Enero de 2016 \u2013 Septiembre de 2019. <\/li>\n<\/ul>\n\n\n\n<ul class=\"wp-block-list\">\n<li><a rel=\"noreferrer noopener\" aria-label=\" (abre en una nueva pesta\u00f1a)\" href=\"http:\/\/www.incadi.uma.es\" target=\"_blank\">INCADI <\/a>(Interfaces cerebrales aplicadas a personas con discapacidad motora).   Proyecto financiado por el Ministerio de Econom\u00eda y Competitividad (Referencia: TEC2011-26395) y por los fondos FEDER de la Uni\u00f3n Europea.  Duraci\u00f3n: Enero de 2012 \u2013 Diciembre de 2015.<\/li>\n<\/ul>\n\n\n\n<ul class=\"wp-block-list\">\n<li><a rel=\"noreferrer noopener\" aria-label=\"BRAINS  (abre en una nueva pesta\u00f1a)\" href=\"http:\/\/www.diana.uma.es\/brains\/\" target=\"_blank\">BRAINS <\/a>(Sistema de interacci\u00f3n cerebral para discapacitados). Proyecto de Excelencia de la Junta de Andaluc\u00eda ( Referencia: P07-TIC03310 ). Duraci\u00f3n: Enero 2008 &#8211; Diciembre 2012.<\/li>\n<\/ul>\n\n\n<div class=\"wp-block-image\">\n<figure class=\"alignleft is-resized\"><img loading=\"lazy\" decoding=\"async\" width=\"156\" height=\"114\" src=\"http:\/\/umabci.uma.es\/wp-content\/uploads\/2019\/04\/junta_andalucia.jpg\" alt=\"Logo Junta Andaluc\u00eda\" class=\"wp-image-135\" style=\"width:113px;height:82px\"\/><\/figure><\/div>\n\n<div class=\"wp-block-image\">\n<figure class=\"alignleft is-resized\"><img loading=\"lazy\" decoding=\"async\" width=\"242\" height=\"208\" src=\"http:\/\/umabci.uma.es\/wp-content\/uploads\/2019\/04\/logoMinisterio.png\" alt=\"Logo Ministerio\" class=\"wp-image-136\" style=\"width:116px;height:100px\"\/><\/figure><\/div>\n\n<div class=\"wp-block-image\">\n<figure class=\"alignleft is-resized\"><img loading=\"lazy\" decoding=\"async\" width=\"225\" height=\"224\" src=\"http:\/\/umabci.uma.es\/wp-content\/uploads\/2019\/04\/logoERDF.png\" alt=\"Logo ERDF\" class=\"wp-image-137\" style=\"width:106px;height:105px\" srcset=\"https:\/\/umabci.uma.es\/wp-content\/uploads\/2019\/04\/logoERDF.png 225w, https:\/\/umabci.uma.es\/wp-content\/uploads\/2019\/04\/logoERDF-150x150.png 150w\" sizes=\"auto, (max-width: 225px) 100vw, 225px\" \/><\/figure><\/div>\n\n<div class=\"wp-block-image\">\n<figure class=\"alignleft is-resized\"><img loading=\"lazy\" decoding=\"async\" width=\"225\" height=\"225\" src=\"http:\/\/umabci.uma.es\/wp-content\/uploads\/2019\/04\/logoUniversia.jpg\" alt=\"Logo Universia\" class=\"wp-image-138\" style=\"width:104px;height:104px\" srcset=\"https:\/\/umabci.uma.es\/wp-content\/uploads\/2019\/04\/logoUniversia.jpg 225w, https:\/\/umabci.uma.es\/wp-content\/uploads\/2019\/04\/logoUniversia-150x150.jpg 150w\" sizes=\"auto, (max-width: 225px) 100vw, 225px\" \/><\/figure><\/div>\n\n\n<figure class=\"wp-block-image is-resized\"><img loading=\"lazy\" decoding=\"async\" width=\"225\" height=\"225\" src=\"http:\/\/umabci.uma.es\/wp-content\/uploads\/2019\/04\/logoIndra.jpg\" alt=\"Logo Indra\" class=\"wp-image-142\" style=\"width:91px;height:91px\" srcset=\"https:\/\/umabci.uma.es\/wp-content\/uploads\/2019\/04\/logoIndra.jpg 225w, https:\/\/umabci.uma.es\/wp-content\/uploads\/2019\/04\/logoIndra-150x150.jpg 150w\" sizes=\"auto, (max-width: 225px) 100vw, 225px\" \/><\/figure>\n\n\n\n<p><\/p>\n","protected":false},"excerpt":{"rendered":"","protected":false},"author":1,"featured_media":0,"parent":0,"menu_order":0,"comment_status":"closed","ping_status":"closed","template":"","meta":{"footnotes":""},"class_list":["post-51","page","type-page","status-publish","hentry"],"yoast_head":"<!-- This site is optimized with the Yoast SEO plugin v26.2 - https:\/\/yoast.com\/wordpress\/plugins\/seo\/ -->\n<title>Grupo de Investigaci\u00f3n UMA-BCI (Brain-Computer Interfaces). Proyectos<\/title>\n<meta name=\"description\" content=\"Proyectos competitivos en los que ha participado el grupo UMA-BCI, con financiaci\u00f3n p\u00fablica y acuerdos de colaboraci\u00f3n con empresas y fundaciones\" \/>\n<meta name=\"robots\" content=\"index, follow, max-snippet:-1, max-image-preview:large, max-video-preview:-1\" \/>\n<link rel=\"canonical\" href=\"https:\/\/umabci.uma.es\/index.php\/proyectos\/\" \/>\n<meta property=\"og:locale\" content=\"es_ES\" \/>\n<meta property=\"og:type\" content=\"article\" \/>\n<meta property=\"og:title\" content=\"Grupo de Investigaci\u00f3n UMA-BCI (Brain-Computer Interfaces). Proyectos\" \/>\n<meta property=\"og:description\" content=\"Proyectos competitivos en los que ha participado el grupo UMA-BCI, con financiaci\u00f3n p\u00fablica y acuerdos de colaboraci\u00f3n con empresas y fundaciones\" \/>\n<meta property=\"og:url\" content=\"https:\/\/umabci.uma.es\/index.php\/proyectos\/\" \/>\n<meta property=\"og:site_name\" content=\"UMA-BCI\" \/>\n<meta property=\"article:modified_time\" content=\"2025-04-09T13:57:12+00:00\" \/>\n<meta property=\"og:image\" content=\"https:\/\/umabci.uma.es\/wp-content\/uploads\/2019\/04\/junta_andalucia.jpg\" \/>\n\t<meta property=\"og:image:width\" content=\"156\" \/>\n\t<meta property=\"og:image:height\" content=\"114\" \/>\n\t<meta property=\"og:image:type\" content=\"image\/jpeg\" \/>\n<meta name=\"twitter:card\" content=\"summary_large_image\" \/>\n<meta name=\"twitter:label1\" content=\"Tiempo de lectura\" \/>\n\t<meta name=\"twitter:data1\" content=\"3 minutos\" \/>\n<script type=\"application\/ld+json\" class=\"yoast-schema-graph\">{\"@context\":\"https:\/\/schema.org\",\"@graph\":[{\"@type\":\"WebPage\",\"@id\":\"https:\/\/umabci.uma.es\/index.php\/proyectos\/\",\"url\":\"https:\/\/umabci.uma.es\/index.php\/proyectos\/\",\"name\":\"Grupo de Investigaci\u00f3n UMA-BCI (Brain-Computer Interfaces). Proyectos\",\"isPartOf\":{\"@id\":\"https:\/\/umabci.uma.es\/#website\"},\"primaryImageOfPage\":{\"@id\":\"https:\/\/umabci.uma.es\/index.php\/proyectos\/#primaryimage\"},\"image\":{\"@id\":\"https:\/\/umabci.uma.es\/index.php\/proyectos\/#primaryimage\"},\"thumbnailUrl\":\"http:\/\/umabci.uma.es\/wp-content\/uploads\/2019\/04\/junta_andalucia.jpg\",\"datePublished\":\"2019-04-22T11:11:15+00:00\",\"dateModified\":\"2025-04-09T13:57:12+00:00\",\"description\":\"Proyectos competitivos en los que ha participado el grupo UMA-BCI, con financiaci\u00f3n p\u00fablica y acuerdos de colaboraci\u00f3n con empresas y fundaciones\",\"breadcrumb\":{\"@id\":\"https:\/\/umabci.uma.es\/index.php\/proyectos\/#breadcrumb\"},\"inLanguage\":\"es\",\"potentialAction\":[{\"@type\":\"ReadAction\",\"target\":[\"https:\/\/umabci.uma.es\/index.php\/proyectos\/\"]}]},{\"@type\":\"ImageObject\",\"inLanguage\":\"es\",\"@id\":\"https:\/\/umabci.uma.es\/index.php\/proyectos\/#primaryimage\",\"url\":\"http:\/\/umabci.uma.es\/wp-content\/uploads\/2019\/04\/junta_andalucia.jpg\",\"contentUrl\":\"http:\/\/umabci.uma.es\/wp-content\/uploads\/2019\/04\/junta_andalucia.jpg\"},{\"@type\":\"BreadcrumbList\",\"@id\":\"https:\/\/umabci.uma.es\/index.php\/proyectos\/#breadcrumb\",\"itemListElement\":[{\"@type\":\"ListItem\",\"position\":1,\"name\":\"Portada\",\"item\":\"https:\/\/umabci.uma.es\/\"},{\"@type\":\"ListItem\",\"position\":2,\"name\":\"Proyectos y Contratos\"}]},{\"@type\":\"WebSite\",\"@id\":\"https:\/\/umabci.uma.es\/#website\",\"url\":\"https:\/\/umabci.uma.es\/\",\"name\":\"UMA-BCI\",\"description\":\"Interfaces Cerebro-Computadora\",\"potentialAction\":[{\"@type\":\"SearchAction\",\"target\":{\"@type\":\"EntryPoint\",\"urlTemplate\":\"https:\/\/umabci.uma.es\/?s={search_term_string}\"},\"query-input\":{\"@type\":\"PropertyValueSpecification\",\"valueRequired\":true,\"valueName\":\"search_term_string\"}}],\"inLanguage\":\"es\"}]}<\/script>\n<!-- \/ Yoast SEO plugin. -->","yoast_head_json":{"title":"Grupo de Investigaci\u00f3n UMA-BCI (Brain-Computer Interfaces). Proyectos","description":"Proyectos competitivos en los que ha participado el grupo UMA-BCI, con financiaci\u00f3n p\u00fablica y acuerdos de colaboraci\u00f3n con empresas y fundaciones","robots":{"index":"index","follow":"follow","max-snippet":"max-snippet:-1","max-image-preview":"max-image-preview:large","max-video-preview":"max-video-preview:-1"},"canonical":"https:\/\/umabci.uma.es\/index.php\/proyectos\/","og_locale":"es_ES","og_type":"article","og_title":"Grupo de Investigaci\u00f3n UMA-BCI (Brain-Computer Interfaces). Proyectos","og_description":"Proyectos competitivos en los que ha participado el grupo UMA-BCI, con financiaci\u00f3n p\u00fablica y acuerdos de colaboraci\u00f3n con empresas y fundaciones","og_url":"https:\/\/umabci.uma.es\/index.php\/proyectos\/","og_site_name":"UMA-BCI","article_modified_time":"2025-04-09T13:57:12+00:00","og_image":[{"width":156,"height":114,"url":"https:\/\/umabci.uma.es\/wp-content\/uploads\/2019\/04\/junta_andalucia.jpg","type":"image\/jpeg"}],"twitter_card":"summary_large_image","twitter_misc":{"Tiempo de lectura":"3 minutos"},"schema":{"@context":"https:\/\/schema.org","@graph":[{"@type":"WebPage","@id":"https:\/\/umabci.uma.es\/index.php\/proyectos\/","url":"https:\/\/umabci.uma.es\/index.php\/proyectos\/","name":"Grupo de Investigaci\u00f3n UMA-BCI (Brain-Computer Interfaces). Proyectos","isPartOf":{"@id":"https:\/\/umabci.uma.es\/#website"},"primaryImageOfPage":{"@id":"https:\/\/umabci.uma.es\/index.php\/proyectos\/#primaryimage"},"image":{"@id":"https:\/\/umabci.uma.es\/index.php\/proyectos\/#primaryimage"},"thumbnailUrl":"http:\/\/umabci.uma.es\/wp-content\/uploads\/2019\/04\/junta_andalucia.jpg","datePublished":"2019-04-22T11:11:15+00:00","dateModified":"2025-04-09T13:57:12+00:00","description":"Proyectos competitivos en los que ha participado el grupo UMA-BCI, con financiaci\u00f3n p\u00fablica y acuerdos de colaboraci\u00f3n con empresas y fundaciones","breadcrumb":{"@id":"https:\/\/umabci.uma.es\/index.php\/proyectos\/#breadcrumb"},"inLanguage":"es","potentialAction":[{"@type":"ReadAction","target":["https:\/\/umabci.uma.es\/index.php\/proyectos\/"]}]},{"@type":"ImageObject","inLanguage":"es","@id":"https:\/\/umabci.uma.es\/index.php\/proyectos\/#primaryimage","url":"http:\/\/umabci.uma.es\/wp-content\/uploads\/2019\/04\/junta_andalucia.jpg","contentUrl":"http:\/\/umabci.uma.es\/wp-content\/uploads\/2019\/04\/junta_andalucia.jpg"},{"@type":"BreadcrumbList","@id":"https:\/\/umabci.uma.es\/index.php\/proyectos\/#breadcrumb","itemListElement":[{"@type":"ListItem","position":1,"name":"Portada","item":"https:\/\/umabci.uma.es\/"},{"@type":"ListItem","position":2,"name":"Proyectos y Contratos"}]},{"@type":"WebSite","@id":"https:\/\/umabci.uma.es\/#website","url":"https:\/\/umabci.uma.es\/","name":"UMA-BCI","description":"Interfaces Cerebro-Computadora","potentialAction":[{"@type":"SearchAction","target":{"@type":"EntryPoint","urlTemplate":"https:\/\/umabci.uma.es\/?s={search_term_string}"},"query-input":{"@type":"PropertyValueSpecification","valueRequired":true,"valueName":"search_term_string"}}],"inLanguage":"es"}]}},"_links":{"self":[{"href":"https:\/\/umabci.uma.es\/index.php\/wp-json\/wp\/v2\/pages\/51","targetHints":{"allow":["GET"]}}],"collection":[{"href":"https:\/\/umabci.uma.es\/index.php\/wp-json\/wp\/v2\/pages"}],"about":[{"href":"https:\/\/umabci.uma.es\/index.php\/wp-json\/wp\/v2\/types\/page"}],"author":[{"embeddable":true,"href":"https:\/\/umabci.uma.es\/index.php\/wp-json\/wp\/v2\/users\/1"}],"replies":[{"embeddable":true,"href":"https:\/\/umabci.uma.es\/index.php\/wp-json\/wp\/v2\/comments?post=51"}],"version-history":[{"count":26,"href":"https:\/\/umabci.uma.es\/index.php\/wp-json\/wp\/v2\/pages\/51\/revisions"}],"predecessor-version":[{"id":606,"href":"https:\/\/umabci.uma.es\/index.php\/wp-json\/wp\/v2\/pages\/51\/revisions\/606"}],"wp:attachment":[{"href":"https:\/\/umabci.uma.es\/index.php\/wp-json\/wp\/v2\/media?parent=51"}],"curies":[{"name":"wp","href":"https:\/\/api.w.org\/{rel}","templated":true}]}}