{"id":55,"date":"2019-04-22T13:13:09","date_gmt":"2019-04-22T11:13:09","guid":{"rendered":"http:\/\/umabci.uma.es\/?page_id=55"},"modified":"2024-07-26T11:57:54","modified_gmt":"2024-07-26T09:57:54","slug":"uma-bci-speller","status":"publish","type":"page","link":"https:\/\/umabci.uma.es\/index.php\/uma-bci-speller\/","title":{"rendered":"UMA-BCI Speller software"},"content":{"rendered":"\n<div class=\"wp-block-media-text alignwide\" style=\"grid-template-columns:33% auto\"><figure class=\"wp-block-media-text__media\"><img loading=\"lazy\" decoding=\"async\" width=\"1024\" height=\"853\" src=\"http:\/\/umabci.uma.es\/wp-content\/uploads\/2019\/04\/FigX-1-1024x853.png\" alt=\"Ejemplos de UMA-BCI Speller\" class=\"wp-image-165\" srcset=\"https:\/\/umabci.uma.es\/wp-content\/uploads\/2019\/04\/FigX-1-1024x853.png 1024w, https:\/\/umabci.uma.es\/wp-content\/uploads\/2019\/04\/FigX-1-300x250.png 300w, https:\/\/umabci.uma.es\/wp-content\/uploads\/2019\/04\/FigX-1-768x639.png 768w, https:\/\/umabci.uma.es\/wp-content\/uploads\/2019\/04\/FigX-1.png 1464w\" sizes=\"auto, (max-width: 1024px) 100vw, 1024px\" \/><\/figure><div class=\"wp-block-media-text__content\">\n<p>UMA-BCI speller es una aplicaci\u00f3n en acceso abierto que permite   configurar un BCI-speller basado en el P300. Dicha aplicaci\u00f3n se basa en   la plataforma BCI2000 pero con la particularidad de hacer uso de una   interfaz gr\u00e1fica de usuario que facilita enormemente la configuraci\u00f3n de   cualquier speller. El manejo de la aplicaci\u00f3n no s\u00f3lo es muy sencilla,   sino que adem\u00e1s permite configurar multitud de opciones (dise\u00f1o de la   matriz, tama\u00f1o de letras y s\u00edmbolos, colores, im\u00e1genes, pictogramas,\u2026 )   que con otras plataformas resulta bastante m\u00e1s complejo. Gracias al   manual de usuario y a su f\u00e1cil manejo, en menos de una hora puede   configurar su BCI-Speller y tenerlo totalmente operativo. Adem\u00e1s,   soporta los paradigmas RCP y RSVP. <\/p>\n<\/div><\/div>\n\n\n\n<h4 class=\"wp-block-heading\">Para acceder a la descarga de UMA-BCI Speller es necesaria una contrase\u00f1a.<\/h4>\n\n\n\n<ul class=\"wp-block-list\"><li>Si ya dispone de una contrase\u00f1a, <a href=\"http:\/\/umabci.uma.es\/index.php\/descarga-uma-bci-speller\/\">acceda a la descarga aqu\u00ed<\/a>.<\/li><li>Si todav\u00eda no tiene la contrase\u00f1a, escr\u00edbanos a <a href=\"mailto:bciuma@gmail.com?subject=UMA-BCI%20Speller,%20solicitud%20de%20contrase\u00f1a&amp;body=Nombre:%0AInstituci\u00f3n:%0AComentarios:\">bciuma@gmail.com<\/a> para solicitarla.&nbsp; Por favor, incluya en el correo su nombre e instituci\u00f3n para la que trabaja.<\/li><\/ul>\n\n\n\n<h4 class=\"wp-block-heading\">Descargas disponibles sin contrase\u00f1a:<\/h4>\n\n\n\n<ul class=\"wp-block-list\"><li><a href=\"https:\/\/drive.google.com\/open?id=1na-JitmpLs5Txdu56R5fXkkrJlP_r6J7\" target=\"_blank\" rel=\"noreferrer noopener\" aria-label=\" (abre en una nueva pesta\u00f1a)\">Manual de uso (borrador)<\/a><br><\/li><li><a rel=\"noreferrer noopener\" href=\"http:\/\/www.licom.uma.es\/wp-content\/uploads\/2019\/03\/UMA-BCI_Speller_acceptedManuscript.pdf\" target=\"_blank\">Publicaci\u00f3n<\/a><\/li><\/ul>\n","protected":false},"excerpt":{"rendered":"<p>UMA-BCI speller es una aplicaci\u00f3n en acceso abierto que permite configurar un BCI-speller basado en el P300. Dicha aplicaci\u00f3n se basa en la plataforma BCI2000 pero con la particularidad de hacer uso de una interfaz gr\u00e1fica de usuario que facilita enormemente la configuraci\u00f3n de cualquier speller. El manejo de la aplicaci\u00f3n no s\u00f3lo es muy &hellip; <a href=\"https:\/\/umabci.uma.es\/index.php\/uma-bci-speller\/\" class=\"more-link\">Seguir leyendo <span class=\"screen-reader-text\">UMA-BCI Speller software<\/span> <span class=\"meta-nav\">&rarr;<\/span><\/a><\/p>\n","protected":false},"author":1,"featured_media":0,"parent":0,"menu_order":0,"comment_status":"closed","ping_status":"closed","template":"","meta":{"footnotes":""},"class_list":["post-55","page","type-page","status-publish","hentry"],"yoast_head":"<!-- This site is optimized with the Yoast SEO plugin v26.2 - https:\/\/yoast.com\/wordpress\/plugins\/seo\/ -->\n<title>UMA-BCI Speller software - UMA-BCI<\/title>\n<meta name=\"description\" content=\"Aplicaci\u00f3n Speller (Deletreo) controlada por un sistema Interfaz Cerebro-Computadora a trav\u00e9s del an\u00e1lisis del EEG\" \/>\n<meta name=\"robots\" content=\"index, follow, max-snippet:-1, max-image-preview:large, max-video-preview:-1\" \/>\n<link rel=\"canonical\" href=\"https:\/\/umabci.uma.es\/index.php\/uma-bci-speller\/\" \/>\n<meta property=\"og:locale\" content=\"es_ES\" \/>\n<meta property=\"og:type\" content=\"article\" \/>\n<meta property=\"og:title\" content=\"UMA-BCI Speller software - UMA-BCI\" \/>\n<meta property=\"og:description\" content=\"Aplicaci\u00f3n Speller (Deletreo) controlada por un sistema Interfaz Cerebro-Computadora a trav\u00e9s del an\u00e1lisis del EEG\" \/>\n<meta property=\"og:url\" content=\"https:\/\/umabci.uma.es\/index.php\/uma-bci-speller\/\" \/>\n<meta property=\"og:site_name\" content=\"UMA-BCI\" \/>\n<meta property=\"article:modified_time\" content=\"2024-07-26T09:57:54+00:00\" \/>\n<meta property=\"og:image\" content=\"http:\/\/umabci.uma.es\/wp-content\/uploads\/2019\/04\/FigX-1-1024x853.png\" \/>\n<meta name=\"twitter:card\" content=\"summary_large_image\" \/>\n<meta name=\"twitter:label1\" content=\"Tiempo de lectura\" \/>\n\t<meta name=\"twitter:data1\" content=\"1 minuto\" \/>\n<script type=\"application\/ld+json\" class=\"yoast-schema-graph\">{\"@context\":\"https:\/\/schema.org\",\"@graph\":[{\"@type\":\"WebPage\",\"@id\":\"https:\/\/umabci.uma.es\/index.php\/uma-bci-speller\/\",\"url\":\"https:\/\/umabci.uma.es\/index.php\/uma-bci-speller\/\",\"name\":\"UMA-BCI Speller software - UMA-BCI\",\"isPartOf\":{\"@id\":\"https:\/\/umabci.uma.es\/#website\"},\"primaryImageOfPage\":{\"@id\":\"https:\/\/umabci.uma.es\/index.php\/uma-bci-speller\/#primaryimage\"},\"image\":{\"@id\":\"https:\/\/umabci.uma.es\/index.php\/uma-bci-speller\/#primaryimage\"},\"thumbnailUrl\":\"http:\/\/umabci.uma.es\/wp-content\/uploads\/2019\/04\/FigX-1-1024x853.png\",\"datePublished\":\"2019-04-22T11:13:09+00:00\",\"dateModified\":\"2024-07-26T09:57:54+00:00\",\"description\":\"Aplicaci\u00f3n Speller (Deletreo) controlada por un sistema Interfaz Cerebro-Computadora a trav\u00e9s del an\u00e1lisis del EEG\",\"breadcrumb\":{\"@id\":\"https:\/\/umabci.uma.es\/index.php\/uma-bci-speller\/#breadcrumb\"},\"inLanguage\":\"es\",\"potentialAction\":[{\"@type\":\"ReadAction\",\"target\":[\"https:\/\/umabci.uma.es\/index.php\/uma-bci-speller\/\"]}]},{\"@type\":\"ImageObject\",\"inLanguage\":\"es\",\"@id\":\"https:\/\/umabci.uma.es\/index.php\/uma-bci-speller\/#primaryimage\",\"url\":\"http:\/\/umabci.uma.es\/wp-content\/uploads\/2019\/04\/FigX-1-1024x853.png\",\"contentUrl\":\"http:\/\/umabci.uma.es\/wp-content\/uploads\/2019\/04\/FigX-1-1024x853.png\"},{\"@type\":\"BreadcrumbList\",\"@id\":\"https:\/\/umabci.uma.es\/index.php\/uma-bci-speller\/#breadcrumb\",\"itemListElement\":[{\"@type\":\"ListItem\",\"position\":1,\"name\":\"Portada\",\"item\":\"https:\/\/umabci.uma.es\/\"},{\"@type\":\"ListItem\",\"position\":2,\"name\":\"UMA-BCI Speller software\"}]},{\"@type\":\"WebSite\",\"@id\":\"https:\/\/umabci.uma.es\/#website\",\"url\":\"https:\/\/umabci.uma.es\/\",\"name\":\"UMA-BCI\",\"description\":\"Interfaces Cerebro-Computadora\",\"potentialAction\":[{\"@type\":\"SearchAction\",\"target\":{\"@type\":\"EntryPoint\",\"urlTemplate\":\"https:\/\/umabci.uma.es\/?s={search_term_string}\"},\"query-input\":{\"@type\":\"PropertyValueSpecification\",\"valueRequired\":true,\"valueName\":\"search_term_string\"}}],\"inLanguage\":\"es\"}]}<\/script>\n<!-- \/ Yoast SEO plugin. -->","yoast_head_json":{"title":"UMA-BCI Speller software - UMA-BCI","description":"Aplicaci\u00f3n Speller (Deletreo) controlada por un sistema Interfaz Cerebro-Computadora a trav\u00e9s del an\u00e1lisis del EEG","robots":{"index":"index","follow":"follow","max-snippet":"max-snippet:-1","max-image-preview":"max-image-preview:large","max-video-preview":"max-video-preview:-1"},"canonical":"https:\/\/umabci.uma.es\/index.php\/uma-bci-speller\/","og_locale":"es_ES","og_type":"article","og_title":"UMA-BCI Speller software - UMA-BCI","og_description":"Aplicaci\u00f3n Speller (Deletreo) controlada por un sistema Interfaz Cerebro-Computadora a trav\u00e9s del an\u00e1lisis del EEG","og_url":"https:\/\/umabci.uma.es\/index.php\/uma-bci-speller\/","og_site_name":"UMA-BCI","article_modified_time":"2024-07-26T09:57:54+00:00","og_image":[{"url":"http:\/\/umabci.uma.es\/wp-content\/uploads\/2019\/04\/FigX-1-1024x853.png","type":"","width":"","height":""}],"twitter_card":"summary_large_image","twitter_misc":{"Tiempo de lectura":"1 minuto"},"schema":{"@context":"https:\/\/schema.org","@graph":[{"@type":"WebPage","@id":"https:\/\/umabci.uma.es\/index.php\/uma-bci-speller\/","url":"https:\/\/umabci.uma.es\/index.php\/uma-bci-speller\/","name":"UMA-BCI Speller software - UMA-BCI","isPartOf":{"@id":"https:\/\/umabci.uma.es\/#website"},"primaryImageOfPage":{"@id":"https:\/\/umabci.uma.es\/index.php\/uma-bci-speller\/#primaryimage"},"image":{"@id":"https:\/\/umabci.uma.es\/index.php\/uma-bci-speller\/#primaryimage"},"thumbnailUrl":"http:\/\/umabci.uma.es\/wp-content\/uploads\/2019\/04\/FigX-1-1024x853.png","datePublished":"2019-04-22T11:13:09+00:00","dateModified":"2024-07-26T09:57:54+00:00","description":"Aplicaci\u00f3n Speller (Deletreo) controlada por un sistema Interfaz Cerebro-Computadora a trav\u00e9s del an\u00e1lisis del EEG","breadcrumb":{"@id":"https:\/\/umabci.uma.es\/index.php\/uma-bci-speller\/#breadcrumb"},"inLanguage":"es","potentialAction":[{"@type":"ReadAction","target":["https:\/\/umabci.uma.es\/index.php\/uma-bci-speller\/"]}]},{"@type":"ImageObject","inLanguage":"es","@id":"https:\/\/umabci.uma.es\/index.php\/uma-bci-speller\/#primaryimage","url":"http:\/\/umabci.uma.es\/wp-content\/uploads\/2019\/04\/FigX-1-1024x853.png","contentUrl":"http:\/\/umabci.uma.es\/wp-content\/uploads\/2019\/04\/FigX-1-1024x853.png"},{"@type":"BreadcrumbList","@id":"https:\/\/umabci.uma.es\/index.php\/uma-bci-speller\/#breadcrumb","itemListElement":[{"@type":"ListItem","position":1,"name":"Portada","item":"https:\/\/umabci.uma.es\/"},{"@type":"ListItem","position":2,"name":"UMA-BCI Speller software"}]},{"@type":"WebSite","@id":"https:\/\/umabci.uma.es\/#website","url":"https:\/\/umabci.uma.es\/","name":"UMA-BCI","description":"Interfaces Cerebro-Computadora","potentialAction":[{"@type":"SearchAction","target":{"@type":"EntryPoint","urlTemplate":"https:\/\/umabci.uma.es\/?s={search_term_string}"},"query-input":{"@type":"PropertyValueSpecification","valueRequired":true,"valueName":"search_term_string"}}],"inLanguage":"es"}]}},"_links":{"self":[{"href":"https:\/\/umabci.uma.es\/index.php\/wp-json\/wp\/v2\/pages\/55","targetHints":{"allow":["GET"]}}],"collection":[{"href":"https:\/\/umabci.uma.es\/index.php\/wp-json\/wp\/v2\/pages"}],"about":[{"href":"https:\/\/umabci.uma.es\/index.php\/wp-json\/wp\/v2\/types\/page"}],"author":[{"embeddable":true,"href":"https:\/\/umabci.uma.es\/index.php\/wp-json\/wp\/v2\/users\/1"}],"replies":[{"embeddable":true,"href":"https:\/\/umabci.uma.es\/index.php\/wp-json\/wp\/v2\/comments?post=55"}],"version-history":[{"count":17,"href":"https:\/\/umabci.uma.es\/index.php\/wp-json\/wp\/v2\/pages\/55\/revisions"}],"predecessor-version":[{"id":581,"href":"https:\/\/umabci.uma.es\/index.php\/wp-json\/wp\/v2\/pages\/55\/revisions\/581"}],"wp:attachment":[{"href":"https:\/\/umabci.uma.es\/index.php\/wp-json\/wp\/v2\/media?parent=55"}],"curies":[{"name":"wp","href":"https:\/\/api.w.org\/{rel}","templated":true}]}}