{"id":74,"date":"2019-04-23T12:04:57","date_gmt":"2019-04-23T10:04:57","guid":{"rendered":"http:\/\/umabci.uma.es\/?page_id=74"},"modified":"2024-07-26T11:16:39","modified_gmt":"2024-07-26T09:16:39","slug":"miembros","status":"publish","type":"page","link":"https:\/\/umabci.uma.es\/index.php\/miembros\/","title":{"rendered":"Miembros"},"content":{"rendered":"\n<h3 class=\"wp-block-heading\">Investigador Principal: <\/h3>\n\n\n\n<ul class=\"wp-block-list\">\n<li>Dr. Ron Angevin, Ricardo (Universidad de M\u00e1laga, UMA, rron@uma.es)<\/li>\n\n\n\n<li>Dr. Velasco \u00c1lvarez, Francisco Javier (UMA, fvelasco@uma.es)<\/li>\n<\/ul>\n\n\n\n<div class=\"wp-block-media-text alignwide\" style=\"grid-template-columns:15% auto\"><figure class=\"wp-block-media-text__media\"><img loading=\"lazy\" decoding=\"async\" width=\"800\" height=\"800\" src=\"http:\/\/umabci.uma.es\/wp-content\/uploads\/2019\/04\/logo-UMABCI7_800x800.jpg\" alt=\"logo UMA-BCI\" class=\"wp-image-168 size-full\" srcset=\"https:\/\/umabci.uma.es\/wp-content\/uploads\/2019\/04\/logo-UMABCI7_800x800.jpg 800w, https:\/\/umabci.uma.es\/wp-content\/uploads\/2019\/04\/logo-UMABCI7_800x800-150x150.jpg 150w, https:\/\/umabci.uma.es\/wp-content\/uploads\/2019\/04\/logo-UMABCI7_800x800-300x300.jpg 300w, https:\/\/umabci.uma.es\/wp-content\/uploads\/2019\/04\/logo-UMABCI7_800x800-768x768.jpg 768w\" sizes=\"auto, (max-width: 800px) 100vw, 800px\" \/><\/figure><div class=\"wp-block-media-text__content\">\n<h4 class=\"wp-block-heading\">Miembros actuales:<\/h4>\n\n\n\n<ul class=\"wp-block-list\">\n<li>Dr. Fern\u00e1ndez Rodr\u00edguez, \u00c1lvaro (UMA, afernandezrguez@uma.es)<\/li>\n\n\n\n<li>Dr. D\u00edaz Estrella, Antonio (UMA, adiaz@uma.es)<\/li>\n\n\n\n<li>Dr. Valero Aguayo, Luis (UMA, lvalero@uma.es)<\/li>\n\n\n\n<li>Vizcaino Mart\u00edn, Francisco Javier (UMA, fjvizcaino@uma.es)<\/li>\n<\/ul>\n<\/div><\/div>\n\n\n\n<p>Otros muchos investigadores han participado activamente en el grupo al formar parte del equipo de investigaci\u00f3n de los distintos proyectos (ver secci\u00f3n <a rel=\"noreferrer noopener\" aria-label=\"Proyectos (abre en una nueva pesta\u00f1a)\" href=\"http:\/\/umabci.uma.es\/index.php\/proyectos\/\" target=\"_blank\">Proyectos<\/a>).<\/p>\n","protected":false},"excerpt":{"rendered":"<p>Investigador Principal: Otros muchos investigadores han participado activamente en el grupo al formar parte del equipo de investigaci\u00f3n de los distintos proyectos (ver secci\u00f3n Proyectos).<\/p>\n","protected":false},"author":1,"featured_media":0,"parent":0,"menu_order":0,"comment_status":"closed","ping_status":"closed","template":"","meta":{"footnotes":""},"class_list":["post-74","page","type-page","status-publish","hentry"],"yoast_head":"<!-- This site is optimized with the Yoast SEO plugin v26.2 - https:\/\/yoast.com\/wordpress\/plugins\/seo\/ -->\n<title>Miembros - UMA-BCI<\/title>\n<meta name=\"robots\" content=\"index, follow, max-snippet:-1, max-image-preview:large, max-video-preview:-1\" \/>\n<link rel=\"canonical\" href=\"https:\/\/umabci.uma.es\/index.php\/miembros\/\" \/>\n<meta property=\"og:locale\" content=\"es_ES\" \/>\n<meta property=\"og:type\" content=\"article\" \/>\n<meta property=\"og:title\" content=\"Miembros - UMA-BCI\" \/>\n<meta property=\"og:description\" content=\"Investigador Principal: Otros muchos investigadores han participado activamente en el grupo al formar parte del equipo de investigaci\u00f3n de los distintos proyectos (ver secci\u00f3n Proyectos).\" \/>\n<meta property=\"og:url\" content=\"https:\/\/umabci.uma.es\/index.php\/miembros\/\" \/>\n<meta property=\"og:site_name\" content=\"UMA-BCI\" \/>\n<meta property=\"article:modified_time\" content=\"2024-07-26T09:16:39+00:00\" \/>\n<meta property=\"og:image\" content=\"http:\/\/umabci.uma.es\/wp-content\/uploads\/2019\/04\/logo-UMABCI7_800x800.jpg\" \/>\n<meta name=\"twitter:card\" content=\"summary_large_image\" \/>\n<script type=\"application\/ld+json\" class=\"yoast-schema-graph\">{\"@context\":\"https:\/\/schema.org\",\"@graph\":[{\"@type\":\"WebPage\",\"@id\":\"https:\/\/umabci.uma.es\/index.php\/miembros\/\",\"url\":\"https:\/\/umabci.uma.es\/index.php\/miembros\/\",\"name\":\"Miembros - UMA-BCI\",\"isPartOf\":{\"@id\":\"https:\/\/umabci.uma.es\/#website\"},\"primaryImageOfPage\":{\"@id\":\"https:\/\/umabci.uma.es\/index.php\/miembros\/#primaryimage\"},\"image\":{\"@id\":\"https:\/\/umabci.uma.es\/index.php\/miembros\/#primaryimage\"},\"thumbnailUrl\":\"http:\/\/umabci.uma.es\/wp-content\/uploads\/2019\/04\/logo-UMABCI7_800x800.jpg\",\"datePublished\":\"2019-04-23T10:04:57+00:00\",\"dateModified\":\"2024-07-26T09:16:39+00:00\",\"breadcrumb\":{\"@id\":\"https:\/\/umabci.uma.es\/index.php\/miembros\/#breadcrumb\"},\"inLanguage\":\"es\",\"potentialAction\":[{\"@type\":\"ReadAction\",\"target\":[\"https:\/\/umabci.uma.es\/index.php\/miembros\/\"]}]},{\"@type\":\"ImageObject\",\"inLanguage\":\"es\",\"@id\":\"https:\/\/umabci.uma.es\/index.php\/miembros\/#primaryimage\",\"url\":\"http:\/\/umabci.uma.es\/wp-content\/uploads\/2019\/04\/logo-UMABCI7_800x800.jpg\",\"contentUrl\":\"http:\/\/umabci.uma.es\/wp-content\/uploads\/2019\/04\/logo-UMABCI7_800x800.jpg\"},{\"@type\":\"BreadcrumbList\",\"@id\":\"https:\/\/umabci.uma.es\/index.php\/miembros\/#breadcrumb\",\"itemListElement\":[{\"@type\":\"ListItem\",\"position\":1,\"name\":\"Portada\",\"item\":\"https:\/\/umabci.uma.es\/\"},{\"@type\":\"ListItem\",\"position\":2,\"name\":\"Miembros\"}]},{\"@type\":\"WebSite\",\"@id\":\"https:\/\/umabci.uma.es\/#website\",\"url\":\"https:\/\/umabci.uma.es\/\",\"name\":\"UMA-BCI\",\"description\":\"Interfaces Cerebro-Computadora\",\"potentialAction\":[{\"@type\":\"SearchAction\",\"target\":{\"@type\":\"EntryPoint\",\"urlTemplate\":\"https:\/\/umabci.uma.es\/?s={search_term_string}\"},\"query-input\":{\"@type\":\"PropertyValueSpecification\",\"valueRequired\":true,\"valueName\":\"search_term_string\"}}],\"inLanguage\":\"es\"}]}<\/script>\n<!-- \/ Yoast SEO plugin. -->","yoast_head_json":{"title":"Miembros - UMA-BCI","robots":{"index":"index","follow":"follow","max-snippet":"max-snippet:-1","max-image-preview":"max-image-preview:large","max-video-preview":"max-video-preview:-1"},"canonical":"https:\/\/umabci.uma.es\/index.php\/miembros\/","og_locale":"es_ES","og_type":"article","og_title":"Miembros - UMA-BCI","og_description":"Investigador Principal: Otros muchos investigadores han participado activamente en el grupo al formar parte del equipo de investigaci\u00f3n de los distintos proyectos (ver secci\u00f3n Proyectos).","og_url":"https:\/\/umabci.uma.es\/index.php\/miembros\/","og_site_name":"UMA-BCI","article_modified_time":"2024-07-26T09:16:39+00:00","og_image":[{"url":"http:\/\/umabci.uma.es\/wp-content\/uploads\/2019\/04\/logo-UMABCI7_800x800.jpg","type":"","width":"","height":""}],"twitter_card":"summary_large_image","schema":{"@context":"https:\/\/schema.org","@graph":[{"@type":"WebPage","@id":"https:\/\/umabci.uma.es\/index.php\/miembros\/","url":"https:\/\/umabci.uma.es\/index.php\/miembros\/","name":"Miembros - UMA-BCI","isPartOf":{"@id":"https:\/\/umabci.uma.es\/#website"},"primaryImageOfPage":{"@id":"https:\/\/umabci.uma.es\/index.php\/miembros\/#primaryimage"},"image":{"@id":"https:\/\/umabci.uma.es\/index.php\/miembros\/#primaryimage"},"thumbnailUrl":"http:\/\/umabci.uma.es\/wp-content\/uploads\/2019\/04\/logo-UMABCI7_800x800.jpg","datePublished":"2019-04-23T10:04:57+00:00","dateModified":"2024-07-26T09:16:39+00:00","breadcrumb":{"@id":"https:\/\/umabci.uma.es\/index.php\/miembros\/#breadcrumb"},"inLanguage":"es","potentialAction":[{"@type":"ReadAction","target":["https:\/\/umabci.uma.es\/index.php\/miembros\/"]}]},{"@type":"ImageObject","inLanguage":"es","@id":"https:\/\/umabci.uma.es\/index.php\/miembros\/#primaryimage","url":"http:\/\/umabci.uma.es\/wp-content\/uploads\/2019\/04\/logo-UMABCI7_800x800.jpg","contentUrl":"http:\/\/umabci.uma.es\/wp-content\/uploads\/2019\/04\/logo-UMABCI7_800x800.jpg"},{"@type":"BreadcrumbList","@id":"https:\/\/umabci.uma.es\/index.php\/miembros\/#breadcrumb","itemListElement":[{"@type":"ListItem","position":1,"name":"Portada","item":"https:\/\/umabci.uma.es\/"},{"@type":"ListItem","position":2,"name":"Miembros"}]},{"@type":"WebSite","@id":"https:\/\/umabci.uma.es\/#website","url":"https:\/\/umabci.uma.es\/","name":"UMA-BCI","description":"Interfaces Cerebro-Computadora","potentialAction":[{"@type":"SearchAction","target":{"@type":"EntryPoint","urlTemplate":"https:\/\/umabci.uma.es\/?s={search_term_string}"},"query-input":{"@type":"PropertyValueSpecification","valueRequired":true,"valueName":"search_term_string"}}],"inLanguage":"es"}]}},"_links":{"self":[{"href":"https:\/\/umabci.uma.es\/index.php\/wp-json\/wp\/v2\/pages\/74","targetHints":{"allow":["GET"]}}],"collection":[{"href":"https:\/\/umabci.uma.es\/index.php\/wp-json\/wp\/v2\/pages"}],"about":[{"href":"https:\/\/umabci.uma.es\/index.php\/wp-json\/wp\/v2\/types\/page"}],"author":[{"embeddable":true,"href":"https:\/\/umabci.uma.es\/index.php\/wp-json\/wp\/v2\/users\/1"}],"replies":[{"embeddable":true,"href":"https:\/\/umabci.uma.es\/index.php\/wp-json\/wp\/v2\/comments?post=74"}],"version-history":[{"count":14,"href":"https:\/\/umabci.uma.es\/index.php\/wp-json\/wp\/v2\/pages\/74\/revisions"}],"predecessor-version":[{"id":572,"href":"https:\/\/umabci.uma.es\/index.php\/wp-json\/wp\/v2\/pages\/74\/revisions\/572"}],"wp:attachment":[{"href":"https:\/\/umabci.uma.es\/index.php\/wp-json\/wp\/v2\/media?parent=74"}],"curies":[{"name":"wp","href":"https:\/\/api.w.org\/{rel}","templated":true}]}}