{"id":78,"date":"2019-04-23T12:05:24","date_gmt":"2019-04-23T10:05:24","guid":{"rendered":"http:\/\/umabci.uma.es\/?page_id=78"},"modified":"2024-07-26T11:16:26","modified_gmt":"2024-07-26T09:16:26","slug":"members","status":"publish","type":"page","link":"https:\/\/umabci.uma.es\/index.php\/en\/members\/","title":{"rendered":"Members"},"content":{"rendered":"\n<h3 class=\"wp-block-heading\">Principal Investigator: <\/h3>\n\n\n\n<ul class=\"wp-block-list\">\n<li>Dr. Ron Angevin, Ricardo (University of M\u00e1laga, UMA, rron@uma.es)<\/li>\n\n\n\n<li>Dr. Velasco \u00c1lvarez, Francisco Javier (UMA, fvelasco@uma.es)<\/li>\n<\/ul>\n\n\n\n<div class=\"wp-block-media-text alignwide\" style=\"grid-template-columns:15% auto\"><figure class=\"wp-block-media-text__media\"><img decoding=\"async\" src=\"http:\/\/umabci.uma.es\/wp-content\/uploads\/2019\/04\/logo-UMABCI7_800x800.jpg\" alt=\"UMA-BCI logo\"\/><\/figure><div class=\"wp-block-media-text__content\">\n<h4 class=\"wp-block-heading\" id=\"mce_9\">Current members:<\/h4>\n\n\n\n<ul class=\"wp-block-list\">\n<li>Dr. Fern\u00e1ndez Rodr\u00edguez, \u00c1lvaro (UMA, afernandezrguez@uma.es)<\/li>\n\n\n\n<li>Dr. D\u00edaz Estrella, Antonio (UMA, adiaz@uma.es)<\/li>\n\n\n\n<li>Dr. Valero Aguayo, Luis (UMA, lvalero@uma.es)<\/li>\n\n\n\n<li>Vizcaino Mart\u00edn, Francisco Javier (UMA, fjvizcaino@uma.es)<\/li>\n<\/ul>\n<\/div><\/div>\n\n\n\n<p>Many other researchers have actively participated in the group by being part of the research team of the different projects (see <a rel=\"noreferrer noopener\" aria-label=\"Projects  (abre en una nueva pesta\u00f1a)\" href=\"http:\/\/umabci.uma.es\/index.php\/projects\/\" target=\"_blank\">Projects <\/a>section).<\/p>\n","protected":false},"excerpt":{"rendered":"<p>Principal Investigator: Many other researchers have actively participated in the group by being part of the research team of the different projects (see Projects section).<\/p>\n","protected":false},"author":1,"featured_media":0,"parent":0,"menu_order":0,"comment_status":"closed","ping_status":"closed","template":"","meta":{"footnotes":""},"class_list":["post-78","page","type-page","status-publish","hentry"],"yoast_head":"<!-- This site is optimized with the Yoast SEO plugin v26.2 - https:\/\/yoast.com\/wordpress\/plugins\/seo\/ -->\n<title>Members - UMA-BCI<\/title>\n<meta name=\"robots\" content=\"index, follow, max-snippet:-1, max-image-preview:large, max-video-preview:-1\" \/>\n<link rel=\"canonical\" href=\"https:\/\/umabci.uma.es\/index.php\/en\/members\/\" \/>\n<meta property=\"og:locale\" content=\"es_ES\" \/>\n<meta property=\"og:type\" content=\"article\" \/>\n<meta property=\"og:title\" content=\"Members - UMA-BCI\" \/>\n<meta property=\"og:description\" content=\"Principal Investigator: Many other researchers have actively participated in the group by being part of the research team of the different projects (see Projects section).\" \/>\n<meta property=\"og:url\" content=\"https:\/\/umabci.uma.es\/index.php\/en\/members\/\" \/>\n<meta property=\"og:site_name\" content=\"UMA-BCI\" \/>\n<meta property=\"article:modified_time\" content=\"2024-07-26T09:16:26+00:00\" \/>\n<meta property=\"og:image\" content=\"http:\/\/umabci.uma.es\/wp-content\/uploads\/2019\/04\/logo-UMABCI7_800x800.jpg\" \/>\n<meta name=\"twitter:card\" content=\"summary_large_image\" \/>\n<meta name=\"twitter:label1\" content=\"Tiempo de lectura\" \/>\n\t<meta name=\"twitter:data1\" content=\"1 minuto\" \/>\n<script type=\"application\/ld+json\" class=\"yoast-schema-graph\">{\"@context\":\"https:\/\/schema.org\",\"@graph\":[{\"@type\":\"WebPage\",\"@id\":\"https:\/\/umabci.uma.es\/index.php\/en\/members\/\",\"url\":\"https:\/\/umabci.uma.es\/index.php\/en\/members\/\",\"name\":\"Members - UMA-BCI\",\"isPartOf\":{\"@id\":\"https:\/\/umabci.uma.es\/#website\"},\"primaryImageOfPage\":{\"@id\":\"https:\/\/umabci.uma.es\/index.php\/en\/members\/#primaryimage\"},\"image\":{\"@id\":\"https:\/\/umabci.uma.es\/index.php\/en\/members\/#primaryimage\"},\"thumbnailUrl\":\"http:\/\/umabci.uma.es\/wp-content\/uploads\/2019\/04\/logo-UMABCI7_800x800.jpg\",\"datePublished\":\"2019-04-23T10:05:24+00:00\",\"dateModified\":\"2024-07-26T09:16:26+00:00\",\"breadcrumb\":{\"@id\":\"https:\/\/umabci.uma.es\/index.php\/en\/members\/#breadcrumb\"},\"inLanguage\":\"es\",\"potentialAction\":[{\"@type\":\"ReadAction\",\"target\":[\"https:\/\/umabci.uma.es\/index.php\/en\/members\/\"]}]},{\"@type\":\"ImageObject\",\"inLanguage\":\"es\",\"@id\":\"https:\/\/umabci.uma.es\/index.php\/en\/members\/#primaryimage\",\"url\":\"http:\/\/umabci.uma.es\/wp-content\/uploads\/2019\/04\/logo-UMABCI7_800x800.jpg\",\"contentUrl\":\"http:\/\/umabci.uma.es\/wp-content\/uploads\/2019\/04\/logo-UMABCI7_800x800.jpg\"},{\"@type\":\"BreadcrumbList\",\"@id\":\"https:\/\/umabci.uma.es\/index.php\/en\/members\/#breadcrumb\",\"itemListElement\":[{\"@type\":\"ListItem\",\"position\":1,\"name\":\"Portada\",\"item\":\"https:\/\/umabci.uma.es\/\"},{\"@type\":\"ListItem\",\"position\":2,\"name\":\"Members\"}]},{\"@type\":\"WebSite\",\"@id\":\"https:\/\/umabci.uma.es\/#website\",\"url\":\"https:\/\/umabci.uma.es\/\",\"name\":\"UMA-BCI\",\"description\":\"Interfaces Cerebro-Computadora\",\"potentialAction\":[{\"@type\":\"SearchAction\",\"target\":{\"@type\":\"EntryPoint\",\"urlTemplate\":\"https:\/\/umabci.uma.es\/?s={search_term_string}\"},\"query-input\":{\"@type\":\"PropertyValueSpecification\",\"valueRequired\":true,\"valueName\":\"search_term_string\"}}],\"inLanguage\":\"es\"}]}<\/script>\n<!-- \/ Yoast SEO plugin. -->","yoast_head_json":{"title":"Members - UMA-BCI","robots":{"index":"index","follow":"follow","max-snippet":"max-snippet:-1","max-image-preview":"max-image-preview:large","max-video-preview":"max-video-preview:-1"},"canonical":"https:\/\/umabci.uma.es\/index.php\/en\/members\/","og_locale":"es_ES","og_type":"article","og_title":"Members - UMA-BCI","og_description":"Principal Investigator: Many other researchers have actively participated in the group by being part of the research team of the different projects (see Projects section).","og_url":"https:\/\/umabci.uma.es\/index.php\/en\/members\/","og_site_name":"UMA-BCI","article_modified_time":"2024-07-26T09:16:26+00:00","og_image":[{"url":"http:\/\/umabci.uma.es\/wp-content\/uploads\/2019\/04\/logo-UMABCI7_800x800.jpg","type":"","width":"","height":""}],"twitter_card":"summary_large_image","twitter_misc":{"Tiempo de lectura":"1 minuto"},"schema":{"@context":"https:\/\/schema.org","@graph":[{"@type":"WebPage","@id":"https:\/\/umabci.uma.es\/index.php\/en\/members\/","url":"https:\/\/umabci.uma.es\/index.php\/en\/members\/","name":"Members - UMA-BCI","isPartOf":{"@id":"https:\/\/umabci.uma.es\/#website"},"primaryImageOfPage":{"@id":"https:\/\/umabci.uma.es\/index.php\/en\/members\/#primaryimage"},"image":{"@id":"https:\/\/umabci.uma.es\/index.php\/en\/members\/#primaryimage"},"thumbnailUrl":"http:\/\/umabci.uma.es\/wp-content\/uploads\/2019\/04\/logo-UMABCI7_800x800.jpg","datePublished":"2019-04-23T10:05:24+00:00","dateModified":"2024-07-26T09:16:26+00:00","breadcrumb":{"@id":"https:\/\/umabci.uma.es\/index.php\/en\/members\/#breadcrumb"},"inLanguage":"es","potentialAction":[{"@type":"ReadAction","target":["https:\/\/umabci.uma.es\/index.php\/en\/members\/"]}]},{"@type":"ImageObject","inLanguage":"es","@id":"https:\/\/umabci.uma.es\/index.php\/en\/members\/#primaryimage","url":"http:\/\/umabci.uma.es\/wp-content\/uploads\/2019\/04\/logo-UMABCI7_800x800.jpg","contentUrl":"http:\/\/umabci.uma.es\/wp-content\/uploads\/2019\/04\/logo-UMABCI7_800x800.jpg"},{"@type":"BreadcrumbList","@id":"https:\/\/umabci.uma.es\/index.php\/en\/members\/#breadcrumb","itemListElement":[{"@type":"ListItem","position":1,"name":"Portada","item":"https:\/\/umabci.uma.es\/"},{"@type":"ListItem","position":2,"name":"Members"}]},{"@type":"WebSite","@id":"https:\/\/umabci.uma.es\/#website","url":"https:\/\/umabci.uma.es\/","name":"UMA-BCI","description":"Interfaces Cerebro-Computadora","potentialAction":[{"@type":"SearchAction","target":{"@type":"EntryPoint","urlTemplate":"https:\/\/umabci.uma.es\/?s={search_term_string}"},"query-input":{"@type":"PropertyValueSpecification","valueRequired":true,"valueName":"search_term_string"}}],"inLanguage":"es"}]}},"_links":{"self":[{"href":"https:\/\/umabci.uma.es\/index.php\/wp-json\/wp\/v2\/pages\/78","targetHints":{"allow":["GET"]}}],"collection":[{"href":"https:\/\/umabci.uma.es\/index.php\/wp-json\/wp\/v2\/pages"}],"about":[{"href":"https:\/\/umabci.uma.es\/index.php\/wp-json\/wp\/v2\/types\/page"}],"author":[{"embeddable":true,"href":"https:\/\/umabci.uma.es\/index.php\/wp-json\/wp\/v2\/users\/1"}],"replies":[{"embeddable":true,"href":"https:\/\/umabci.uma.es\/index.php\/wp-json\/wp\/v2\/comments?post=78"}],"version-history":[{"count":10,"href":"https:\/\/umabci.uma.es\/index.php\/wp-json\/wp\/v2\/pages\/78\/revisions"}],"predecessor-version":[{"id":571,"href":"https:\/\/umabci.uma.es\/index.php\/wp-json\/wp\/v2\/pages\/78\/revisions\/571"}],"wp:attachment":[{"href":"https:\/\/umabci.uma.es\/index.php\/wp-json\/wp\/v2\/media?parent=78"}],"curies":[{"name":"wp","href":"https:\/\/api.w.org\/{rel}","templated":true}]}}