{"id":51,"date":"2019-04-22T13:11:15","date_gmt":"2019-04-22T11:11:15","guid":{"rendered":"http:\/\/umabci.uma.es\/siccau\/?page_id=51"},"modified":"2019-07-30T12:04:17","modified_gmt":"2019-07-30T10:04:17","slug":"objetivos","status":"publish","type":"page","link":"https:\/\/umabci.uma.es\/siccau\/index.php\/objetivos\/","title":{"rendered":"Objetivos"},"content":{"rendered":"\n<p>Existen numerosas enfermedades que pueden desembocar en una\np\u00e9rdida total del control de los m\u00fasculos del cuerpo. Un caso concreto es el de\nla Esclerosis Lateral Amiotr\u00f3fica que afecta, en promedio y s\u00f3lo en Espa\u00f1a, a\nunas 4000 personas. En muchos casos estos pacientes pueden alcanzar el estado\nconocido como s\u00edndrome de enclaustramiento (LIS) y otros, a\u00fan peor, el s\u00edndrome\nde enclaustramiento total (CLIS), o un estado equivalente a este \u00faltimo en el\nque, sin padecer par\u00e1lisis de los m\u00fasculos oculares, los pacientes han perdido\nel control de dichos m\u00fasculos. En ocasiones, para estas personas, la \u00fanica\nopci\u00f3n de comunicaci\u00f3n es la basada en interfaces cerebrales. La hip\u00f3tesis de\npartida radica en que, si se quiere progresar en la investigaci\u00f3n relacionado\ncon los sistemas de comunicaci\u00f3n y control basados en la detecci\u00f3n del potencial\nP300, hay que identificar, por un lado, par\u00e1metros que mejoren la usabilidad de\nestos sistemas y, por otro lado, buscar otras alternativas que garanticen un\nm\u00ednimo de comunicaci\u00f3n a personas en estado de LIS sin control ocular o en\nestado de CLIS.<\/p>\n\n\n\n<p>Los objetivos generales de este proyecto se centran en\nllevar a cabo tareas de investigaci\u00f3n y de desarrollo de aplicaciones con la\nfinalidad de contribuir a la mejora de la calidad de vida de pacientes bajo el\ns\u00edndrome de enclaustramiento, como es el caso de algunos pacientes que sufren\nde ELA. Es importante indicar que, si bien es cierto que pueden existir l\u00edneas\nde investigaci\u00f3n que puedan tener una mayor repercusi\u00f3n en cuanto a un mayor\nn\u00famero de potenciales usuarios, no es por ello que no deba considerarse menos\nimportante llevar a cabo tareas de investigaci\u00f3n que contribuyan al desarrollo\nde aplicaciones para un menor n\u00famero de usuarios, sobre todo, teniendo en\ncuenta el enorme beneficio que pueden aportar.<\/p>\n\n\n\n<h2 class=\"wp-block-heading\">Objetivos espec\u00edficos:<\/h2>\n\n\n\n<p><strong>OBJETIVO 1: Desarrollo de un sistema de comunicaci\u00f3n y control para personas en estado de s\u00edndrome de enclaustramiento.<\/strong><\/p>\n\n\n\n<p>El primer objetivo est\u00e1 motivado por la inexistencia de un sistema de comunicaci\u00f3n y control basado en la detecci\u00f3n del potencial P300 que sea flexible, adaptable a cada usuario y, sobre todo, f\u00e1cil de configurar por los cuidadores y \/o familiares. Dicha aplicaci\u00f3n permitir\u00eda a los pacientes, y a trav\u00e9s de su actividad cerebral, una opci\u00f3n de comunicaci\u00f3n y de control, ofreci\u00e9ndoles un m\u00ednimo de calidad de vida. Para desarrollar esta aplicaci\u00f3n se partir\u00e1 de la aplicaci\u00f3n UMA-BCI Speller ya desarrollada en el proyecto <a href=\"http:\/\/www.licom.uma.es\/INDEX.PHP\/\">LICOM <\/a>y que tiene como principal funci\u00f3n ofrecer un sistema de comunicaci\u00f3n flexible y f\u00e1cil de configurar. Con el prop\u00f3sito de mejorar la usabilidad de este sistema de comunicaci\u00f3n, se trabajar\u00e1 en la incorporaci\u00f3n de nuevas estrategias de predicci\u00f3n de texto y en t\u00e9cnicas que faciliten la generaci\u00f3n, por parte de los usuarios, de sus propias plantillas de im\u00e1genes y pictogramas, incluyendo, en todo momento, la posibilidad de emitir la informaci\u00f3n a transmitir a trav\u00e9s de un sintetizador de voz. En lo que se refiere al sistema de control, y partiendo de nuevo de la aplicaci\u00f3n desarrollada en el proyecto <a href=\"http:\/\/www.licom.uma.es\/INDEX.PHP\/\">LICOM<\/a>, la aplicaci\u00f3n resultante deber\u00e1 permitir al paciente controlar algunas funciones y dispositivos de su entorno sin tener que recurrir a su cuidador. Esto le permitir\u00eda no s\u00f3lo incrementar su autoestima, sino adem\u00e1s ejecutar acciones que no son siempre entendidas por el cuidador. Hay que decir que con este objetivo, adem\u00e1s, se incrementar\u00edan las funcionalidades de la herramienta UMA-BCI Speller, obteniendo una aplicaci\u00f3n con unas prestaciones y caracter\u00edsticas hasta ahora inexistentes (f\u00e1cil de usar, totalmente configurable, diversidad de opciones,\u2026) .<\/p>\n\n\n\n<p>Para lograr este objetivo se establecen 3 objetivos\nparciales:<\/p>\n\n\n\n<ul><li>Objetivo 1.1- Desarrollo de algoritmos para la mejora del sistema de comunicaci\u00f3n UMA-BCI Speller<\/li><li>Objetivo 1.2- Desarrollo del sistema de control<\/li><li>Objetivo 1.3- Prueba del sistema<\/li><\/ul>\n\n\n\n<hr class=\"wp-block-separator\"\/>\n\n\n\n<p><strong>OBJETIVO 2: Estudio y propuesta de interfaces de comunicaci\u00f3n para pacientes sin control oculomotor.<\/strong><\/p>\n\n\n\n<p>Si bien los sistemas de comunicaci\u00f3n basados en un BCI-P300\nspeller dan buenos resultados cuando el sujeto a\u00fan dispone de cierto control\noculomotor, las prestaciones empeoran enormemente cuando el paciente tambi\u00e9n\npierde dicho control, y m\u00e1s a\u00fan si hablamos de pacientes en estado de CLIS.\nHasta la fecha son muy pocos los estudios que abordan esta problem\u00e1tica debido\na su complejidad. Se hace necesario estudiar estrategias de control que faciliten\nla comunicaci\u00f3n a estos pacientes, aunque \u00e9sta sea muy b\u00e1sica, como responder\nSi\/No a preguntas. La investigaci\u00f3n se centrar\u00e1 en estudiar distintas\nalternativas que consigan este fin haciendo uso de est\u00edmulos visuales,\nauditivos, vibrot\u00e1ctiles o combinaci\u00f3n de estos. En este objetivo se pretende\nigualmente incorporar en la aplicaci\u00f3n UMA-BCI Speller las nuevas\nfuncionalidades de comunicaci\u00f3n procedentes de los resultados de la\ninvestigaci\u00f3n. En este sentido, si bien la finalidad es proponer soluciones concretas\na pacientes concretos, hay que decir que en este objetivo hay una fuerte\ncomponente de investigaci\u00f3n.<\/p>\n\n\n\n<p>En este objetivo 2 se plantean 2 objetivos parciales:<\/p>\n\n\n\n<ul><li>Objetivo 2.1- Estudio de soluciones basadas en potenciales ERP sobre pacientes sin control oculomotor<\/li><li>Objetivo 2.2- Implementaci\u00f3n y prueba del sistema completo<\/li><\/ul>\n\n\n\n<hr class=\"wp-block-separator\"\/>\n\n\n\n<p><strong>OBJETIVO 3: Estudio de paradigmas de estimulaci\u00f3n del sistema BCI-P300 speller que mejoren la usabilidad de estos sistemas.<\/strong><\/p>\n\n\n\n<p>Tal y como se ha comentado en el estado del arte, estudios\npreliminares sugieren nuevas estrategias basadas en el color y en la\nincorporaci\u00f3n de im\u00e1genes que deben ser investigadas de cara a mejorar la\neficiencia de los sistemas BCIs aplicados al control de un teclado virtual.\nEsto permitir\u00eda incrementar la velocidad de escritura y la tasa de acierto,\nmejorando al mismo tiempo la usabilidad de estos sistemas.<\/p>\n\n\n\n<p>En este objetivo 3, que tiene una importante componente de\ninvestigaci\u00f3n, se plantean de nuevo 2 objetivos parciales:<\/p>\n\n\n\n<ul><li>Objetivo 3.1- Estudio de los efectos de la incorporaci\u00f3n del color en la matriz de configuraci\u00f3n del teclado virtual<\/li><li>Objetivo 3.2- Estudio de los efectos de la estimulaci\u00f3n con im\u00e1genes de distintas caracter\u00edsticas emocionales aplicado a un sistema BCI basado en el P300<\/li><\/ul>\n\n\n\n<p>Cabe resaltar que todos estos objetivos incluyen una\nimportante tarea de evaluaci\u00f3n. Dicha evaluaci\u00f3n se llevar\u00e1 a cabo en una\nprimera fase con personas sanas y, en una segunda fase, con pacientes<\/p>\n","protected":false},"excerpt":{"rendered":"<p>Existen numerosas enfermedades que pueden desembocar en una p\u00e9rdida total del control de los m\u00fasculos del cuerpo. Un caso concreto es el de la Esclerosis Lateral Amiotr\u00f3fica que afecta, en promedio y s\u00f3lo en Espa\u00f1a, a unas 4000 personas. En muchos casos estos pacientes pueden alcanzar el estado conocido como s\u00edndrome de enclaustramiento (LIS) y &hellip; <a href=\"https:\/\/umabci.uma.es\/siccau\/index.php\/objetivos\/\" class=\"more-link\">Seguir leyendo <span class=\"screen-reader-text\">Objetivos<\/span> <span class=\"meta-nav\">&rarr;<\/span><\/a><\/p>\n","protected":false},"author":1,"featured_media":0,"parent":0,"menu_order":0,"comment_status":"closed","ping_status":"closed","template":"","meta":{"footnotes":""},"yoast_head":"<!-- This site is optimized with the Yoast SEO plugin v21.2 - https:\/\/yoast.com\/wordpress\/plugins\/seo\/ -->\n<title>Objetivos SICCAU<\/title>\n<meta name=\"robots\" content=\"index, follow, max-snippet:-1, max-image-preview:large, max-video-preview:-1\" \/>\n<link rel=\"canonical\" href=\"https:\/\/umabci.uma.es\/siccau\/index.php\/objetivos\/\" \/>\n<meta property=\"og:locale\" content=\"es_ES\" \/>\n<meta property=\"og:type\" content=\"article\" \/>\n<meta property=\"og:title\" content=\"Objetivos SICCAU\" \/>\n<meta property=\"og:description\" content=\"Existen numerosas enfermedades que pueden desembocar en una p\u00e9rdida total del control de los m\u00fasculos del cuerpo. Un caso concreto es el de la Esclerosis Lateral Amiotr\u00f3fica que afecta, en promedio y s\u00f3lo en Espa\u00f1a, a unas 4000 personas. En muchos casos estos pacientes pueden alcanzar el estado conocido como s\u00edndrome de enclaustramiento (LIS) y &hellip; Seguir leyendo Objetivos &rarr;\" \/>\n<meta property=\"og:url\" content=\"https:\/\/umabci.uma.es\/siccau\/index.php\/objetivos\/\" \/>\n<meta property=\"og:site_name\" content=\"SICCAU\" \/>\n<meta property=\"article:modified_time\" content=\"2019-07-30T10:04:17+00:00\" \/>\n<meta name=\"twitter:card\" content=\"summary_large_image\" \/>\n<meta name=\"twitter:label1\" content=\"Tiempo de lectura\" \/>\n\t<meta name=\"twitter:data1\" content=\"5 minutos\" \/>\n<script type=\"application\/ld+json\" class=\"yoast-schema-graph\">{\"@context\":\"https:\/\/schema.org\",\"@graph\":[{\"@type\":\"WebPage\",\"@id\":\"https:\/\/umabci.uma.es\/siccau\/index.php\/objetivos\/\",\"url\":\"https:\/\/umabci.uma.es\/siccau\/index.php\/objetivos\/\",\"name\":\"Objetivos SICCAU\",\"isPartOf\":{\"@id\":\"https:\/\/umabci.uma.es\/siccau\/#website\"},\"datePublished\":\"2019-04-22T11:11:15+00:00\",\"dateModified\":\"2019-07-30T10:04:17+00:00\",\"breadcrumb\":{\"@id\":\"https:\/\/umabci.uma.es\/siccau\/index.php\/objetivos\/#breadcrumb\"},\"inLanguage\":\"es\",\"potentialAction\":[{\"@type\":\"ReadAction\",\"target\":[\"https:\/\/umabci.uma.es\/siccau\/index.php\/objetivos\/\"]}]},{\"@type\":\"BreadcrumbList\",\"@id\":\"https:\/\/umabci.uma.es\/siccau\/index.php\/objetivos\/#breadcrumb\",\"itemListElement\":[{\"@type\":\"ListItem\",\"position\":1,\"name\":\"Portada\",\"item\":\"https:\/\/umabci.uma.es\/siccau\/\"},{\"@type\":\"ListItem\",\"position\":2,\"name\":\"Objetivos\"}]},{\"@type\":\"WebSite\",\"@id\":\"https:\/\/umabci.uma.es\/siccau\/#website\",\"url\":\"https:\/\/umabci.uma.es\/siccau\/\",\"name\":\"SICCAU\",\"description\":\"Interfaces Cerebro-Computadora\",\"potentialAction\":[{\"@type\":\"SearchAction\",\"target\":{\"@type\":\"EntryPoint\",\"urlTemplate\":\"https:\/\/umabci.uma.es\/siccau\/?s={search_term_string}\"},\"query-input\":\"required name=search_term_string\"}],\"inLanguage\":\"es\"}]}<\/script>\n<!-- \/ Yoast SEO plugin. -->","yoast_head_json":{"title":"Objetivos SICCAU","robots":{"index":"index","follow":"follow","max-snippet":"max-snippet:-1","max-image-preview":"max-image-preview:large","max-video-preview":"max-video-preview:-1"},"canonical":"https:\/\/umabci.uma.es\/siccau\/index.php\/objetivos\/","og_locale":"es_ES","og_type":"article","og_title":"Objetivos SICCAU","og_description":"Existen numerosas enfermedades que pueden desembocar en una p\u00e9rdida total del control de los m\u00fasculos del cuerpo. Un caso concreto es el de la Esclerosis Lateral Amiotr\u00f3fica que afecta, en promedio y s\u00f3lo en Espa\u00f1a, a unas 4000 personas. En muchos casos estos pacientes pueden alcanzar el estado conocido como s\u00edndrome de enclaustramiento (LIS) y &hellip; Seguir leyendo Objetivos &rarr;","og_url":"https:\/\/umabci.uma.es\/siccau\/index.php\/objetivos\/","og_site_name":"SICCAU","article_modified_time":"2019-07-30T10:04:17+00:00","twitter_card":"summary_large_image","twitter_misc":{"Tiempo de lectura":"5 minutos"},"schema":{"@context":"https:\/\/schema.org","@graph":[{"@type":"WebPage","@id":"https:\/\/umabci.uma.es\/siccau\/index.php\/objetivos\/","url":"https:\/\/umabci.uma.es\/siccau\/index.php\/objetivos\/","name":"Objetivos SICCAU","isPartOf":{"@id":"https:\/\/umabci.uma.es\/siccau\/#website"},"datePublished":"2019-04-22T11:11:15+00:00","dateModified":"2019-07-30T10:04:17+00:00","breadcrumb":{"@id":"https:\/\/umabci.uma.es\/siccau\/index.php\/objetivos\/#breadcrumb"},"inLanguage":"es","potentialAction":[{"@type":"ReadAction","target":["https:\/\/umabci.uma.es\/siccau\/index.php\/objetivos\/"]}]},{"@type":"BreadcrumbList","@id":"https:\/\/umabci.uma.es\/siccau\/index.php\/objetivos\/#breadcrumb","itemListElement":[{"@type":"ListItem","position":1,"name":"Portada","item":"https:\/\/umabci.uma.es\/siccau\/"},{"@type":"ListItem","position":2,"name":"Objetivos"}]},{"@type":"WebSite","@id":"https:\/\/umabci.uma.es\/siccau\/#website","url":"https:\/\/umabci.uma.es\/siccau\/","name":"SICCAU","description":"Interfaces Cerebro-Computadora","potentialAction":[{"@type":"SearchAction","target":{"@type":"EntryPoint","urlTemplate":"https:\/\/umabci.uma.es\/siccau\/?s={search_term_string}"},"query-input":"required name=search_term_string"}],"inLanguage":"es"}]}},"_links":{"self":[{"href":"https:\/\/umabci.uma.es\/siccau\/index.php\/wp-json\/wp\/v2\/pages\/51"}],"collection":[{"href":"https:\/\/umabci.uma.es\/siccau\/index.php\/wp-json\/wp\/v2\/pages"}],"about":[{"href":"https:\/\/umabci.uma.es\/siccau\/index.php\/wp-json\/wp\/v2\/types\/page"}],"author":[{"embeddable":true,"href":"https:\/\/umabci.uma.es\/siccau\/index.php\/wp-json\/wp\/v2\/users\/1"}],"replies":[{"embeddable":true,"href":"https:\/\/umabci.uma.es\/siccau\/index.php\/wp-json\/wp\/v2\/comments?post=51"}],"version-history":[{"count":26,"href":"https:\/\/umabci.uma.es\/siccau\/index.php\/wp-json\/wp\/v2\/pages\/51\/revisions"}],"predecessor-version":[{"id":364,"href":"https:\/\/umabci.uma.es\/siccau\/index.php\/wp-json\/wp\/v2\/pages\/51\/revisions\/364"}],"wp:attachment":[{"href":"https:\/\/umabci.uma.es\/siccau\/index.php\/wp-json\/wp\/v2\/media?parent=51"}],"curies":[{"name":"wp","href":"https:\/\/api.w.org\/{rel}","templated":true}]}}