{"id":55,"date":"2019-04-22T13:13:09","date_gmt":"2019-04-22T11:13:09","guid":{"rendered":"http:\/\/umabci.uma.es\/siccau\/?page_id=55"},"modified":"2019-07-30T10:43:21","modified_gmt":"2019-07-30T08:43:21","slug":"resumen","status":"publish","type":"page","link":"https:\/\/umabci.uma.es\/siccau\/index.php\/resumen\/","title":{"rendered":"Resumen"},"content":{"rendered":"\n<p>Existen numerosas enfermedades que\npueden desembocar en una p\u00e9rdida total del control de los m\u00fasculos del cuerpo.\nPor ejemplo, las personas afectadas de esclerosis lateral amiotr\u00f3fica (ELA),\ndistrofia muscular o con lesiones agudas en la m\u00e9dula espinal suelen ver reducida\nsu capacidad de interacci\u00f3n f\u00edsica con el entorno, e incluso llegan a perderla\npor completo. En muchos casos estos pacientes pueden alcanzar un estado\nconocido como s\u00edndrome de enclaustramiento (LIS) caracterizado, en su modalidad\ncl\u00e1sica, por la imposibilidad de realizar cualquier movimiento salvo parpadear\ny mover los ojos y que, sin embargo, no presentan ninguna p\u00e9rdida en sus funciones\ncognitivas. Esto les vuelve completamente dependientes, no solo de sus\ncuidadores, sino tambi\u00e9n de m\u00e1quinas respiratorias para preservar su vida. En\notros casos, a\u00fan peor, estos pacientes pueden padecer el s\u00edndrome de\nenclaustramiento total (CLIS), o un estado equivalente a este \u00faltimo en el que,\nsin padecer par\u00e1lisis de los m\u00fasculos oculares, los pacientes han perdido el\ncontrol de dichos m\u00fasculos. Estos pacientes viven quedando totalmente incomunicados\ndel mundo exterior.<\/p>\n\n\n\n<p>Si bien existen algunos sistemas de interacci\u00f3n\nque permiten a algunos de estos pacientes comunicarse, como por ejemplo los\nbasados en eyetrackers, en otros casos la \u00fanica alternativa se basa en dotar al\npaciente de un canal no muscular de comunicaci\u00f3n. Esto es posible hoy en d\u00eda\nmediante una variedad de sistemas agrupados bajo la denominaci\u00f3n Interfaz\nCerebroComputadora (en ingl\u00e9s, BrainComputer Interface, BCI). Su caracter\u00edstica\ncom\u00fan es procesar la actividad el\u00e9ctrica del cerebro para extraer de ella\ninformaci\u00f3n con la que poder controlar un componente externo, permitiendo de\nesta manera establecer un nuevo canal de comunicaci\u00f3n y de control a pacientes\nque se encuentran bajo el sindrome de enclaustramiento.<\/p>\n\n\n\n<p>Ante la dolorosa situaci\u00f3n de estos\nenfermos y otros pacientes con graves discapacidades motoras, la comunidad\ncient\u00edfica centr\u00f3 desde un primer momento sus esfuerzos en desarrollar\naplicaciones de los sistemas BCI basadas en el control de un teclado virtual\npara restaurar la capacidad de comunicaci\u00f3n y control del paciente.\nDesgraciadamente, en la actualidad, no existen sistemas usables y f\u00e1ciles de\nconfigurar, existiendo s\u00f3lo plataformas experimentales. Precisamente, uno de\nlos obst\u00e1culos que sigue dificultando el uso cotidiano de estas aplicaciones es\nla inexistencias de sistemas compactos, de bajo coste y f\u00e1cilmente\nconfigurables.<\/p>\n\n\n\n<p>Los objetivos generales de este\nproyecto se centran en llevar a cabo tareas de investigaci\u00f3n y de desarrollo de\naplicaciones con la finalidad de contribuir a la mejora de la calidad de vida\nde pacientes bajo el s\u00edndrome de enclaustramiento, como es el caso de algunos pacientes\nque sufren de ELA.\n\nEn este proyecto se plantea desarrollar una\naplicaci\u00f3n final de uso dom\u00e9stico destinado a la comunicaci\u00f3n y al control del\nentorno de personas en estado de enclaustramiento, que sea f\u00e1cilmente\nconfigurable y adaptable a las necesidades de cada paciente. Se propondr\u00e1n\nadem\u00e1s soluciones concretas que permitan a ciertos pacientes bajo el s\u00edndrome\nde enclaustramiento total (CLIS), o un estado equivalente, una opci\u00f3n de comunicaci\u00f3n.\nTambi\u00e9n se llevar\u00e1n a cabo tareas de investigaci\u00f3n que mejoren la efectividad\nde estos sistemas aplicados al control de un teclado virtual\n\n\n\n<\/p>\n","protected":false},"excerpt":{"rendered":"<p>Existen numerosas enfermedades que pueden desembocar en una p\u00e9rdida total del control de los m\u00fasculos del cuerpo. Por ejemplo, las personas afectadas de esclerosis lateral amiotr\u00f3fica (ELA), distrofia muscular o con lesiones agudas en la m\u00e9dula espinal suelen ver reducida su capacidad de interacci\u00f3n f\u00edsica con el entorno, e incluso llegan a perderla por completo. &hellip; <a href=\"https:\/\/umabci.uma.es\/siccau\/index.php\/resumen\/\" class=\"more-link\">Seguir leyendo <span class=\"screen-reader-text\">Resumen<\/span> <span class=\"meta-nav\">&rarr;<\/span><\/a><\/p>\n","protected":false},"author":1,"featured_media":0,"parent":0,"menu_order":0,"comment_status":"closed","ping_status":"closed","template":"","meta":{"footnotes":""},"yoast_head":"<!-- This site is optimized with the Yoast SEO plugin v21.2 - https:\/\/yoast.com\/wordpress\/plugins\/seo\/ -->\n<title>Resumen - SICCAU<\/title>\n<meta name=\"description\" content=\"Aplicaci\u00f3n Speller (Deletreo) desarrcontrolada por un sistema Interfaz Cerebro-Computadora a trav\u00e9s del an\u00e1lisis del EEG\" \/>\n<meta name=\"robots\" content=\"index, follow, max-snippet:-1, max-image-preview:large, max-video-preview:-1\" \/>\n<link rel=\"canonical\" href=\"https:\/\/umabci.uma.es\/siccau\/index.php\/resumen\/\" \/>\n<meta property=\"og:locale\" content=\"es_ES\" \/>\n<meta property=\"og:type\" content=\"article\" \/>\n<meta property=\"og:title\" content=\"Resumen - SICCAU\" \/>\n<meta property=\"og:description\" content=\"Aplicaci\u00f3n Speller (Deletreo) desarrcontrolada por un sistema Interfaz Cerebro-Computadora a trav\u00e9s del an\u00e1lisis del EEG\" \/>\n<meta property=\"og:url\" content=\"https:\/\/umabci.uma.es\/siccau\/index.php\/resumen\/\" \/>\n<meta property=\"og:site_name\" content=\"SICCAU\" \/>\n<meta property=\"article:modified_time\" content=\"2019-07-30T08:43:21+00:00\" \/>\n<meta name=\"twitter:card\" content=\"summary_large_image\" \/>\n<meta name=\"twitter:label1\" content=\"Tiempo de lectura\" \/>\n\t<meta name=\"twitter:data1\" content=\"3 minutos\" \/>\n<script type=\"application\/ld+json\" class=\"yoast-schema-graph\">{\"@context\":\"https:\/\/schema.org\",\"@graph\":[{\"@type\":\"WebPage\",\"@id\":\"https:\/\/umabci.uma.es\/siccau\/index.php\/resumen\/\",\"url\":\"https:\/\/umabci.uma.es\/siccau\/index.php\/resumen\/\",\"name\":\"Resumen - SICCAU\",\"isPartOf\":{\"@id\":\"https:\/\/umabci.uma.es\/siccau\/#website\"},\"datePublished\":\"2019-04-22T11:13:09+00:00\",\"dateModified\":\"2019-07-30T08:43:21+00:00\",\"description\":\"Aplicaci\u00f3n Speller (Deletreo) desarrcontrolada por un sistema Interfaz Cerebro-Computadora a trav\u00e9s del an\u00e1lisis del EEG\",\"breadcrumb\":{\"@id\":\"https:\/\/umabci.uma.es\/siccau\/index.php\/resumen\/#breadcrumb\"},\"inLanguage\":\"es\",\"potentialAction\":[{\"@type\":\"ReadAction\",\"target\":[\"https:\/\/umabci.uma.es\/siccau\/index.php\/resumen\/\"]}]},{\"@type\":\"BreadcrumbList\",\"@id\":\"https:\/\/umabci.uma.es\/siccau\/index.php\/resumen\/#breadcrumb\",\"itemListElement\":[{\"@type\":\"ListItem\",\"position\":1,\"name\":\"Portada\",\"item\":\"https:\/\/umabci.uma.es\/siccau\/\"},{\"@type\":\"ListItem\",\"position\":2,\"name\":\"Resumen\"}]},{\"@type\":\"WebSite\",\"@id\":\"https:\/\/umabci.uma.es\/siccau\/#website\",\"url\":\"https:\/\/umabci.uma.es\/siccau\/\",\"name\":\"SICCAU\",\"description\":\"Interfaces Cerebro-Computadora\",\"potentialAction\":[{\"@type\":\"SearchAction\",\"target\":{\"@type\":\"EntryPoint\",\"urlTemplate\":\"https:\/\/umabci.uma.es\/siccau\/?s={search_term_string}\"},\"query-input\":\"required name=search_term_string\"}],\"inLanguage\":\"es\"}]}<\/script>\n<!-- \/ Yoast SEO plugin. -->","yoast_head_json":{"title":"Resumen - SICCAU","description":"Aplicaci\u00f3n Speller (Deletreo) desarrcontrolada por un sistema Interfaz Cerebro-Computadora a trav\u00e9s del an\u00e1lisis del EEG","robots":{"index":"index","follow":"follow","max-snippet":"max-snippet:-1","max-image-preview":"max-image-preview:large","max-video-preview":"max-video-preview:-1"},"canonical":"https:\/\/umabci.uma.es\/siccau\/index.php\/resumen\/","og_locale":"es_ES","og_type":"article","og_title":"Resumen - SICCAU","og_description":"Aplicaci\u00f3n Speller (Deletreo) desarrcontrolada por un sistema Interfaz Cerebro-Computadora a trav\u00e9s del an\u00e1lisis del EEG","og_url":"https:\/\/umabci.uma.es\/siccau\/index.php\/resumen\/","og_site_name":"SICCAU","article_modified_time":"2019-07-30T08:43:21+00:00","twitter_card":"summary_large_image","twitter_misc":{"Tiempo de lectura":"3 minutos"},"schema":{"@context":"https:\/\/schema.org","@graph":[{"@type":"WebPage","@id":"https:\/\/umabci.uma.es\/siccau\/index.php\/resumen\/","url":"https:\/\/umabci.uma.es\/siccau\/index.php\/resumen\/","name":"Resumen - SICCAU","isPartOf":{"@id":"https:\/\/umabci.uma.es\/siccau\/#website"},"datePublished":"2019-04-22T11:13:09+00:00","dateModified":"2019-07-30T08:43:21+00:00","description":"Aplicaci\u00f3n Speller (Deletreo) desarrcontrolada por un sistema Interfaz Cerebro-Computadora a trav\u00e9s del an\u00e1lisis del EEG","breadcrumb":{"@id":"https:\/\/umabci.uma.es\/siccau\/index.php\/resumen\/#breadcrumb"},"inLanguage":"es","potentialAction":[{"@type":"ReadAction","target":["https:\/\/umabci.uma.es\/siccau\/index.php\/resumen\/"]}]},{"@type":"BreadcrumbList","@id":"https:\/\/umabci.uma.es\/siccau\/index.php\/resumen\/#breadcrumb","itemListElement":[{"@type":"ListItem","position":1,"name":"Portada","item":"https:\/\/umabci.uma.es\/siccau\/"},{"@type":"ListItem","position":2,"name":"Resumen"}]},{"@type":"WebSite","@id":"https:\/\/umabci.uma.es\/siccau\/#website","url":"https:\/\/umabci.uma.es\/siccau\/","name":"SICCAU","description":"Interfaces Cerebro-Computadora","potentialAction":[{"@type":"SearchAction","target":{"@type":"EntryPoint","urlTemplate":"https:\/\/umabci.uma.es\/siccau\/?s={search_term_string}"},"query-input":"required name=search_term_string"}],"inLanguage":"es"}]}},"_links":{"self":[{"href":"https:\/\/umabci.uma.es\/siccau\/index.php\/wp-json\/wp\/v2\/pages\/55"}],"collection":[{"href":"https:\/\/umabci.uma.es\/siccau\/index.php\/wp-json\/wp\/v2\/pages"}],"about":[{"href":"https:\/\/umabci.uma.es\/siccau\/index.php\/wp-json\/wp\/v2\/types\/page"}],"author":[{"embeddable":true,"href":"https:\/\/umabci.uma.es\/siccau\/index.php\/wp-json\/wp\/v2\/users\/1"}],"replies":[{"embeddable":true,"href":"https:\/\/umabci.uma.es\/siccau\/index.php\/wp-json\/wp\/v2\/comments?post=55"}],"version-history":[{"count":15,"href":"https:\/\/umabci.uma.es\/siccau\/index.php\/wp-json\/wp\/v2\/pages\/55\/revisions"}],"predecessor-version":[{"id":351,"href":"https:\/\/umabci.uma.es\/siccau\/index.php\/wp-json\/wp\/v2\/pages\/55\/revisions\/351"}],"wp:attachment":[{"href":"https:\/\/umabci.uma.es\/siccau\/index.php\/wp-json\/wp\/v2\/media?parent=55"}],"curies":[{"name":"wp","href":"https:\/\/api.w.org\/{rel}","templated":true}]}}