{"id":78,"date":"2019-04-23T12:05:24","date_gmt":"2019-04-23T10:05:24","guid":{"rendered":"http:\/\/umabci.uma.es\/siccau\/?page_id=78"},"modified":"2019-07-31T13:47:17","modified_gmt":"2019-07-31T11:47:17","slug":"members","status":"publish","type":"page","link":"https:\/\/umabci.uma.es\/siccau\/index.php\/en\/members\/","title":{"rendered":"Members"},"content":{"rendered":"\n<div class=\"wp-block-media-text alignwide\" style=\"grid-template-columns:15% auto\"><figure class=\"wp-block-media-text__media\"><img decoding=\"async\" src=\"http:\/\/umabci.uma.es\/siccau\/wp-content\/uploads\/2019\/04\/logo-UMABCI7_800x800.jpg\" alt=\"UMA-BCI logo\"\/><\/figure><div class=\"wp-block-media-text__content\">\n<p>Dr. Ron Angevin, Ricardo (University of M\u00e1laga; UMA)<br>Dr. Velasco \u00c1lvarez, Francisco Javier (UMA)<br>Dr. D\u00edaz Estrella, Antonio (UMA)<br>Dr. Valero Aguayo, Luis (UMA) <br>Fern\u00e1ndez Rodr\u00edguez, \u00c1lvaro (UMA) <br>Medina Juli\u00e1, Mar\u00eda Teresa (UMA)<br>Vizcaino Mart\u00edn, Francisco Javier (UMA)<\/p>\n\n\n\n<p>Dr. Andr\u00e9, Jean-Marc ( University of  Bordeaux, France; UBU)<br>Dra. Audin-Garc\u00eda, Liliana (UBU)<br>Dra. Lespinet, V\u00e9ronique (UBU)<\/p>\n\n\n\n<p>Dra. Garc\u00eda Garaluz, Esther (ENESO Tecnolog\u00eda de Adaptaci\u00f3n S.L.)<br>Sancha Ros, Salvador (ENESO)<\/p>\n<\/div><\/div>\n","protected":false},"excerpt":{"rendered":"<p>Dr. Ron Angevin, Ricardo (University of M\u00e1laga; UMA)Dr. Velasco \u00c1lvarez, Francisco Javier (UMA)Dr. D\u00edaz Estrella, Antonio (UMA)Dr. Valero Aguayo, Luis (UMA) Fern\u00e1ndez Rodr\u00edguez, \u00c1lvaro (UMA) Medina Juli\u00e1, Mar\u00eda Teresa (UMA)Vizcaino Mart\u00edn, Francisco Javier (UMA) Dr. Andr\u00e9, Jean-Marc ( University of Bordeaux, France; UBU)Dra. Audin-Garc\u00eda, Liliana (UBU)Dra. Lespinet, V\u00e9ronique (UBU) Dra. Garc\u00eda Garaluz, Esther (ENESO Tecnolog\u00eda &hellip; <a href=\"https:\/\/umabci.uma.es\/siccau\/index.php\/en\/members\/\" class=\"more-link\">Seguir leyendo <span class=\"screen-reader-text\">Members<\/span> <span class=\"meta-nav\">&rarr;<\/span><\/a><\/p>\n","protected":false},"author":1,"featured_media":0,"parent":0,"menu_order":0,"comment_status":"closed","ping_status":"closed","template":"","meta":{"footnotes":""},"yoast_head":"<!-- This site is optimized with the Yoast SEO plugin v21.2 - https:\/\/yoast.com\/wordpress\/plugins\/seo\/ -->\n<title>Members - SICCAU<\/title>\n<meta name=\"robots\" content=\"index, follow, max-snippet:-1, max-image-preview:large, max-video-preview:-1\" \/>\n<link rel=\"canonical\" href=\"https:\/\/umabci.uma.es\/siccau\/index.php\/en\/members\/\" \/>\n<meta property=\"og:locale\" content=\"es_ES\" \/>\n<meta property=\"og:type\" content=\"article\" \/>\n<meta property=\"og:title\" content=\"Members - SICCAU\" \/>\n<meta property=\"og:description\" content=\"Dr. Ron Angevin, Ricardo (University of M\u00e1laga; UMA)Dr. Velasco \u00c1lvarez, Francisco Javier (UMA)Dr. D\u00edaz Estrella, Antonio (UMA)Dr. Valero Aguayo, Luis (UMA) Fern\u00e1ndez Rodr\u00edguez, \u00c1lvaro (UMA) Medina Juli\u00e1, Mar\u00eda Teresa (UMA)Vizcaino Mart\u00edn, Francisco Javier (UMA) Dr. Andr\u00e9, Jean-Marc ( University of Bordeaux, France; UBU)Dra. Audin-Garc\u00eda, Liliana (UBU)Dra. Lespinet, V\u00e9ronique (UBU) Dra. Garc\u00eda Garaluz, Esther (ENESO Tecnolog\u00eda &hellip; Seguir leyendo Members &rarr;\" \/>\n<meta property=\"og:url\" content=\"https:\/\/umabci.uma.es\/siccau\/index.php\/en\/members\/\" \/>\n<meta property=\"og:site_name\" content=\"SICCAU\" \/>\n<meta property=\"article:modified_time\" content=\"2019-07-31T11:47:17+00:00\" \/>\n<meta property=\"og:image\" content=\"http:\/\/umabci.uma.es\/siccau\/wp-content\/uploads\/2019\/04\/logo-UMABCI7_800x800.jpg\" \/>\n<meta name=\"twitter:card\" content=\"summary_large_image\" \/>\n<script type=\"application\/ld+json\" class=\"yoast-schema-graph\">{\"@context\":\"https:\/\/schema.org\",\"@graph\":[{\"@type\":\"WebPage\",\"@id\":\"https:\/\/umabci.uma.es\/siccau\/index.php\/en\/members\/\",\"url\":\"https:\/\/umabci.uma.es\/siccau\/index.php\/en\/members\/\",\"name\":\"Members - SICCAU\",\"isPartOf\":{\"@id\":\"https:\/\/umabci.uma.es\/siccau\/#website\"},\"datePublished\":\"2019-04-23T10:05:24+00:00\",\"dateModified\":\"2019-07-31T11:47:17+00:00\",\"breadcrumb\":{\"@id\":\"https:\/\/umabci.uma.es\/siccau\/index.php\/en\/members\/#breadcrumb\"},\"inLanguage\":\"es\",\"potentialAction\":[{\"@type\":\"ReadAction\",\"target\":[\"https:\/\/umabci.uma.es\/siccau\/index.php\/en\/members\/\"]}]},{\"@type\":\"BreadcrumbList\",\"@id\":\"https:\/\/umabci.uma.es\/siccau\/index.php\/en\/members\/#breadcrumb\",\"itemListElement\":[{\"@type\":\"ListItem\",\"position\":1,\"name\":\"Portada\",\"item\":\"https:\/\/umabci.uma.es\/siccau\/\"},{\"@type\":\"ListItem\",\"position\":2,\"name\":\"Members\"}]},{\"@type\":\"WebSite\",\"@id\":\"https:\/\/umabci.uma.es\/siccau\/#website\",\"url\":\"https:\/\/umabci.uma.es\/siccau\/\",\"name\":\"SICCAU\",\"description\":\"Interfaces Cerebro-Computadora\",\"potentialAction\":[{\"@type\":\"SearchAction\",\"target\":{\"@type\":\"EntryPoint\",\"urlTemplate\":\"https:\/\/umabci.uma.es\/siccau\/?s={search_term_string}\"},\"query-input\":\"required name=search_term_string\"}],\"inLanguage\":\"es\"}]}<\/script>\n<!-- \/ Yoast SEO plugin. -->","yoast_head_json":{"title":"Members - SICCAU","robots":{"index":"index","follow":"follow","max-snippet":"max-snippet:-1","max-image-preview":"max-image-preview:large","max-video-preview":"max-video-preview:-1"},"canonical":"https:\/\/umabci.uma.es\/siccau\/index.php\/en\/members\/","og_locale":"es_ES","og_type":"article","og_title":"Members - SICCAU","og_description":"Dr. Ron Angevin, Ricardo (University of M\u00e1laga; UMA)Dr. Velasco \u00c1lvarez, Francisco Javier (UMA)Dr. D\u00edaz Estrella, Antonio (UMA)Dr. Valero Aguayo, Luis (UMA) Fern\u00e1ndez Rodr\u00edguez, \u00c1lvaro (UMA) Medina Juli\u00e1, Mar\u00eda Teresa (UMA)Vizcaino Mart\u00edn, Francisco Javier (UMA) Dr. Andr\u00e9, Jean-Marc ( University of Bordeaux, France; UBU)Dra. Audin-Garc\u00eda, Liliana (UBU)Dra. Lespinet, V\u00e9ronique (UBU) Dra. Garc\u00eda Garaluz, Esther (ENESO Tecnolog\u00eda &hellip; Seguir leyendo Members &rarr;","og_url":"https:\/\/umabci.uma.es\/siccau\/index.php\/en\/members\/","og_site_name":"SICCAU","article_modified_time":"2019-07-31T11:47:17+00:00","og_image":[{"url":"http:\/\/umabci.uma.es\/siccau\/wp-content\/uploads\/2019\/04\/logo-UMABCI7_800x800.jpg"}],"twitter_card":"summary_large_image","schema":{"@context":"https:\/\/schema.org","@graph":[{"@type":"WebPage","@id":"https:\/\/umabci.uma.es\/siccau\/index.php\/en\/members\/","url":"https:\/\/umabci.uma.es\/siccau\/index.php\/en\/members\/","name":"Members - SICCAU","isPartOf":{"@id":"https:\/\/umabci.uma.es\/siccau\/#website"},"datePublished":"2019-04-23T10:05:24+00:00","dateModified":"2019-07-31T11:47:17+00:00","breadcrumb":{"@id":"https:\/\/umabci.uma.es\/siccau\/index.php\/en\/members\/#breadcrumb"},"inLanguage":"es","potentialAction":[{"@type":"ReadAction","target":["https:\/\/umabci.uma.es\/siccau\/index.php\/en\/members\/"]}]},{"@type":"BreadcrumbList","@id":"https:\/\/umabci.uma.es\/siccau\/index.php\/en\/members\/#breadcrumb","itemListElement":[{"@type":"ListItem","position":1,"name":"Portada","item":"https:\/\/umabci.uma.es\/siccau\/"},{"@type":"ListItem","position":2,"name":"Members"}]},{"@type":"WebSite","@id":"https:\/\/umabci.uma.es\/siccau\/#website","url":"https:\/\/umabci.uma.es\/siccau\/","name":"SICCAU","description":"Interfaces Cerebro-Computadora","potentialAction":[{"@type":"SearchAction","target":{"@type":"EntryPoint","urlTemplate":"https:\/\/umabci.uma.es\/siccau\/?s={search_term_string}"},"query-input":"required name=search_term_string"}],"inLanguage":"es"}]}},"_links":{"self":[{"href":"https:\/\/umabci.uma.es\/siccau\/index.php\/wp-json\/wp\/v2\/pages\/78"}],"collection":[{"href":"https:\/\/umabci.uma.es\/siccau\/index.php\/wp-json\/wp\/v2\/pages"}],"about":[{"href":"https:\/\/umabci.uma.es\/siccau\/index.php\/wp-json\/wp\/v2\/types\/page"}],"author":[{"embeddable":true,"href":"https:\/\/umabci.uma.es\/siccau\/index.php\/wp-json\/wp\/v2\/users\/1"}],"replies":[{"embeddable":true,"href":"https:\/\/umabci.uma.es\/siccau\/index.php\/wp-json\/wp\/v2\/comments?post=78"}],"version-history":[{"count":10,"href":"https:\/\/umabci.uma.es\/siccau\/index.php\/wp-json\/wp\/v2\/pages\/78\/revisions"}],"predecessor-version":[{"id":423,"href":"https:\/\/umabci.uma.es\/siccau\/index.php\/wp-json\/wp\/v2\/pages\/78\/revisions\/423"}],"wp:attachment":[{"href":"https:\/\/umabci.uma.es\/siccau\/index.php\/wp-json\/wp\/v2\/media?parent=78"}],"curies":[{"name":"wp","href":"https:\/\/api.w.org\/{rel}","templated":true}]}}