{"id":2,"date":"2019-04-10T11:05:46","date_gmt":"2019-04-10T09:05:46","guid":{"rendered":"https:\/\/umabci.uma.es\/sicodis\/?page_id=2"},"modified":"2025-04-09T15:54:58","modified_gmt":"2025-04-09T13:54:58","slug":"inicio","status":"publish","type":"page","link":"https:\/\/umabci.uma.es\/sicodis\/","title":{"rendered":"Inicio"},"content":{"rendered":"\n<h2 class=\"wp-block-heading\">SICODIS: SIstema de COmunicaci\u00f3n cerebral para personas con graves DIScapacidades motoras<\/h2>\n\n\n\n<p>El desarrollo de un sistema <em>Brain-Computer Interface<\/em> (BCI) trata una interfaz entre el cerebro humano y un sistema  artificial, tal como una computadora. Una de sus aplicaciones m\u00e1s importantes en el campo de la  medicina y m\u00e1s concretamente en la rehabilitaci\u00f3n, contribuyendo a  establecer un canal de comunicaci\u00f3n y control para aquellos individuos  con importantes deficiencias en sus funciones motoras. <\/p>\n\n\n\n<figure class=\"wp-block-image\"><img loading=\"lazy\" decoding=\"async\" width=\"925\" height=\"220\" src=\"https:\/\/umabci.uma.es\/sicodis\/wp-content\/uploads\/2019\/04\/bci.png\" alt=\"Esquema BCI\" class=\"wp-image-263\" srcset=\"https:\/\/umabci.uma.es\/sicodis\/wp-content\/uploads\/2019\/04\/bci.png 925w, https:\/\/umabci.uma.es\/sicodis\/wp-content\/uploads\/2019\/04\/bci-300x71.png 300w, https:\/\/umabci.uma.es\/sicodis\/wp-content\/uploads\/2019\/04\/bci-768x183.png 768w\" sizes=\"auto, (max-width: 925px) 100vw, 925px\" \/><\/figure>\n\n\n\n<p>Un sistema BCI se basa principalmente en el an\u00e1lisis de  las se\u00f1ales electroencefalogr\u00e1ficas (EEG) captadas durante alg\u00fan tipo de  actividad mental con la finalidad de controlar un componente externo.  La actividad EEG incluye una variedad de diferentes ritmos identificados  por su frecuencia, localizaci\u00f3n y otros aspectos relacionados con la  funci\u00f3n cerebral que hacen que la se\u00f1al EEG sea extremadamente compleja;  sin embargo, numerosos estudios muestran la capacidad que tienen las  personas para controlar algunas caracter\u00edsticas de dicha actividad EEG.  Si se consiguiera aprender r\u00e1pidamente a controlar estas  caracter\u00edsticas, la se\u00f1al EEG podr\u00eda presentar una nueva funci\u00f3n  cerebral; podr\u00eda convertirse en una nueva se\u00f1al de salida que permitiera  trasmitir los deseos de una persona a un componente externo. <\/p>\n\n\n\n<p>El grupo <a href=\"http:\/\/umabci.uma.es\/\">UMA-BCI<\/a> trabaja en la investigaci\u00f3n y el desarrollo de sistemas BCI desde hace m\u00e1s de 15 a\u00f1os. Con uno de los \u00faltimos proyectos (<a href=\"http:\/\/www.licom.uma.es\/INDEX.PHP\/\">LiCOM<\/a>), se desarroll\u00f3 la herramienta <a href=\"http:\/\/umabci.uma.es\/index.php\/uma-bci-speller\/\"><em>UMA-BCI Speller<\/em><\/a>,  una aplicaci\u00f3n en acceso abierto que permite configurar un BCI-speller basado en el potencial P300 del EEG. El proyecto SICCAU permiti\u00f3 ahondar en la experimentaci\u00f3n de nuevos interfaces BCI utilizando la mencionada herramienta. El proyecto <strong>SICODIS <\/strong>pretende continuar con parte de los objetivos alcanzados en los proyectos LICOM y SICCAU. La aplicaci\u00f3n <em>UMA-BCI Speller<\/em> permite investigar sobre nuevas configuraciones de teclado hasta ahora poco explotadas, sin embargo, a diferencia de otros proyectos existentes en este campo, la finalidad de SICODIS es la de aportar soluciones concretas que faciliten la comunicaci\u00f3n y el control a pacientes, algunos de los cuales es est\u00e1n en estado se s\u00edndrome de cautiverio (<em>Locked-in syndrome<\/em>, LIS) y otros incluso sin control oculomotor. Estas personas son los principales protagonistas de este proyecto.<\/p>\n\n\n\n<p>La trayectoria investigadora del grupo UMA-BCI en relaci\u00f3n las Interfaces Cerebro-Computadora queda reflejada por la participaci\u00f3n en varios proyectos de investigaci\u00f3n: el proyecto <a href=\"http:\/\/www.diana.uma.es\/index.php?option=com_jresearch&amp;view=project&amp;task=show&amp;id=28&amp;lang=es\">INTENTIO <\/a>(2003-2005), el desarrollo de un proyecto interno dentro de la red de excelencia <a href=\"http:\/\/www.diana.uma.es\/index.php?option=com_jresearch&amp;view=project&amp;task=show&amp;id=27&amp;lang=es\">INTUITION <\/a>(2004-2008), los proyectos <a href=\"http:\/\/www.diana.uma.es\/brains\/\">BRAINS <\/a>(2008-2012), <a href=\"http:\/\/www.incadi.uma.es\/\">INCADI <\/a>(2012-2015), <a href=\"http:\/\/www.licom.uma.es\/INDEX.PHP\/\">LiCOM <\/a>(2016-2019), <a href=\"https:\/\/www.tecnologiasaccesibles.com\/es\/content\/proyecto-sicse\">SICSE <\/a>(2018-2019), <a href=\"https:\/\/umabci.uma.es\/siccau\/\">SICCAU<\/a> (2019-2022) y <strong>SICODIS <\/strong>(2022-2025).<\/p>\n\n\n\n<p class=\"has-text-align-center\">Proyecto SICODIS. Duraci\u00f3n: Enero de 2022 \u2013 Septiembre de 2025<\/p>\n\n\n\n<p>Proyecto financiado por el Ministerio de Ciencia e Innovaci\u00f3n (Referencia:  PID2021-127261OB-100 ) y por los fondos  FEDER de  la Uni\u00f3n Europea <\/p>\n\n\n\n<figure class=\"wp-block-image size-large\"><img loading=\"lazy\" decoding=\"async\" width=\"1024\" height=\"259\" src=\"https:\/\/umabci.uma.es\/sicodis\/wp-content\/uploads\/2023\/09\/logo_financiacion-1024x259.png\" alt=\"\" class=\"wp-image-490\" srcset=\"https:\/\/umabci.uma.es\/sicodis\/wp-content\/uploads\/2023\/09\/logo_financiacion-1024x259.png 1024w, https:\/\/umabci.uma.es\/sicodis\/wp-content\/uploads\/2023\/09\/logo_financiacion-300x76.png 300w, https:\/\/umabci.uma.es\/sicodis\/wp-content\/uploads\/2023\/09\/logo_financiacion-768x194.png 768w, https:\/\/umabci.uma.es\/sicodis\/wp-content\/uploads\/2023\/09\/logo_financiacion-1536x389.png 1536w, https:\/\/umabci.uma.es\/sicodis\/wp-content\/uploads\/2023\/09\/logo_financiacion.png 1655w\" sizes=\"auto, (max-width: 1024px) 100vw, 1024px\" \/><\/figure>\n\n\n\n<p>Etiquetas: Interfaz Cerebro-Computadora (BCI), Teclado virtual, Speller, S\u00edndrome de Cautiverio<\/p>\n","protected":false},"excerpt":{"rendered":"<p>SICODIS: SIstema de COmunicaci\u00f3n cerebral para personas con graves DIScapacidades motoras El desarrollo de un sistema Brain-Computer Interface (BCI) trata una interfaz entre el cerebro humano y un sistema artificial, tal como una computadora. Una de sus aplicaciones m\u00e1s importantes en el campo de la medicina y m\u00e1s concretamente en la rehabilitaci\u00f3n, contribuyendo a establecer &hellip; <a href=\"https:\/\/umabci.uma.es\/sicodis\/\" class=\"more-link\">Seguir leyendo <span class=\"screen-reader-text\">Inicio<\/span> <span class=\"meta-nav\">&rarr;<\/span><\/a><\/p>\n","protected":false},"author":1,"featured_media":0,"parent":0,"menu_order":0,"comment_status":"closed","ping_status":"closed","template":"","meta":{"footnotes":""},"class_list":["post-2","page","type-page","status-publish","hentry"],"yoast_head":"<!-- This site is optimized with the Yoast SEO plugin v26.2 - https:\/\/yoast.com\/wordpress\/plugins\/seo\/ -->\n<title>Proyecto SICODIS. Interfaces Cerebro-Computadora<\/title>\n<meta name=\"description\" content=\"El proyecto SICODIS se enfoca en el desarrollo de Interfaces Cerebro-Computadora (BCI)\" \/>\n<meta name=\"robots\" content=\"index, follow, max-snippet:-1, max-image-preview:large, max-video-preview:-1\" \/>\n<link rel=\"canonical\" href=\"https:\/\/umabci.uma.es\/sicodis\/\" \/>\n<meta property=\"og:locale\" content=\"es_ES\" \/>\n<meta property=\"og:type\" content=\"article\" \/>\n<meta property=\"og:title\" content=\"Proyecto SICODIS. Interfaces Cerebro-Computadora\" \/>\n<meta property=\"og:description\" content=\"El proyecto SICODIS se enfoca en el desarrollo de Interfaces Cerebro-Computadora (BCI)\" \/>\n<meta property=\"og:url\" content=\"https:\/\/umabci.uma.es\/sicodis\/\" \/>\n<meta property=\"og:site_name\" content=\"SICODIS\" \/>\n<meta property=\"article:modified_time\" content=\"2025-04-09T13:54:58+00:00\" \/>\n<meta property=\"og:image\" content=\"https:\/\/umabci.uma.es\/sicodis\/wp-content\/uploads\/2019\/04\/bci.png\" \/>\n\t<meta property=\"og:image:width\" content=\"925\" \/>\n\t<meta property=\"og:image:height\" content=\"220\" \/>\n\t<meta property=\"og:image:type\" content=\"image\/png\" \/>\n<meta name=\"twitter:card\" content=\"summary_large_image\" \/>\n<meta name=\"twitter:label1\" content=\"Tiempo de lectura\" \/>\n\t<meta name=\"twitter:data1\" content=\"3 minutos\" \/>\n<script type=\"application\/ld+json\" class=\"yoast-schema-graph\">{\"@context\":\"https:\/\/schema.org\",\"@graph\":[{\"@type\":\"WebPage\",\"@id\":\"https:\/\/umabci.uma.es\/sicodis\/\",\"url\":\"https:\/\/umabci.uma.es\/sicodis\/\",\"name\":\"Proyecto SICODIS. Interfaces Cerebro-Computadora\",\"isPartOf\":{\"@id\":\"https:\/\/umabci.uma.es\/sicodis\/#website\"},\"primaryImageOfPage\":{\"@id\":\"https:\/\/umabci.uma.es\/sicodis\/#primaryimage\"},\"image\":{\"@id\":\"https:\/\/umabci.uma.es\/sicodis\/#primaryimage\"},\"thumbnailUrl\":\"https:\/\/umabci.uma.es\/sicodis\/wp-content\/uploads\/2019\/04\/bci.png\",\"datePublished\":\"2019-04-10T09:05:46+00:00\",\"dateModified\":\"2025-04-09T13:54:58+00:00\",\"description\":\"El proyecto SICODIS se enfoca en el desarrollo de Interfaces Cerebro-Computadora (BCI)\",\"breadcrumb\":{\"@id\":\"https:\/\/umabci.uma.es\/sicodis\/#breadcrumb\"},\"inLanguage\":\"es\",\"potentialAction\":[{\"@type\":\"ReadAction\",\"target\":[\"https:\/\/umabci.uma.es\/sicodis\/\"]}]},{\"@type\":\"ImageObject\",\"inLanguage\":\"es\",\"@id\":\"https:\/\/umabci.uma.es\/sicodis\/#primaryimage\",\"url\":\"https:\/\/umabci.uma.es\/sicodis\/wp-content\/uploads\/2019\/04\/bci.png\",\"contentUrl\":\"https:\/\/umabci.uma.es\/sicodis\/wp-content\/uploads\/2019\/04\/bci.png\"},{\"@type\":\"BreadcrumbList\",\"@id\":\"https:\/\/umabci.uma.es\/sicodis\/#breadcrumb\",\"itemListElement\":[{\"@type\":\"ListItem\",\"position\":1,\"name\":\"Portada\",\"item\":\"https:\/\/umabci.uma.es\/sicodis\/\"},{\"@type\":\"ListItem\",\"position\":2,\"name\":\"Inicio\"}]},{\"@type\":\"WebSite\",\"@id\":\"https:\/\/umabci.uma.es\/sicodis\/#website\",\"url\":\"https:\/\/umabci.uma.es\/sicodis\/\",\"name\":\"SICODIS\",\"description\":\"Interfaces Cerebro-Computadora\",\"potentialAction\":[{\"@type\":\"SearchAction\",\"target\":{\"@type\":\"EntryPoint\",\"urlTemplate\":\"https:\/\/umabci.uma.es\/sicodis\/?s={search_term_string}\"},\"query-input\":{\"@type\":\"PropertyValueSpecification\",\"valueRequired\":true,\"valueName\":\"search_term_string\"}}],\"inLanguage\":\"es\"}]}<\/script>\n<!-- \/ Yoast SEO plugin. -->","yoast_head_json":{"title":"Proyecto SICODIS. Interfaces Cerebro-Computadora","description":"El proyecto SICODIS se enfoca en el desarrollo de Interfaces Cerebro-Computadora (BCI)","robots":{"index":"index","follow":"follow","max-snippet":"max-snippet:-1","max-image-preview":"max-image-preview:large","max-video-preview":"max-video-preview:-1"},"canonical":"https:\/\/umabci.uma.es\/sicodis\/","og_locale":"es_ES","og_type":"article","og_title":"Proyecto SICODIS. Interfaces Cerebro-Computadora","og_description":"El proyecto SICODIS se enfoca en el desarrollo de Interfaces Cerebro-Computadora (BCI)","og_url":"https:\/\/umabci.uma.es\/sicodis\/","og_site_name":"SICODIS","article_modified_time":"2025-04-09T13:54:58+00:00","og_image":[{"width":925,"height":220,"url":"https:\/\/umabci.uma.es\/sicodis\/wp-content\/uploads\/2019\/04\/bci.png","type":"image\/png"}],"twitter_card":"summary_large_image","twitter_misc":{"Tiempo de lectura":"3 minutos"},"schema":{"@context":"https:\/\/schema.org","@graph":[{"@type":"WebPage","@id":"https:\/\/umabci.uma.es\/sicodis\/","url":"https:\/\/umabci.uma.es\/sicodis\/","name":"Proyecto SICODIS. Interfaces Cerebro-Computadora","isPartOf":{"@id":"https:\/\/umabci.uma.es\/sicodis\/#website"},"primaryImageOfPage":{"@id":"https:\/\/umabci.uma.es\/sicodis\/#primaryimage"},"image":{"@id":"https:\/\/umabci.uma.es\/sicodis\/#primaryimage"},"thumbnailUrl":"https:\/\/umabci.uma.es\/sicodis\/wp-content\/uploads\/2019\/04\/bci.png","datePublished":"2019-04-10T09:05:46+00:00","dateModified":"2025-04-09T13:54:58+00:00","description":"El proyecto SICODIS se enfoca en el desarrollo de Interfaces Cerebro-Computadora (BCI)","breadcrumb":{"@id":"https:\/\/umabci.uma.es\/sicodis\/#breadcrumb"},"inLanguage":"es","potentialAction":[{"@type":"ReadAction","target":["https:\/\/umabci.uma.es\/sicodis\/"]}]},{"@type":"ImageObject","inLanguage":"es","@id":"https:\/\/umabci.uma.es\/sicodis\/#primaryimage","url":"https:\/\/umabci.uma.es\/sicodis\/wp-content\/uploads\/2019\/04\/bci.png","contentUrl":"https:\/\/umabci.uma.es\/sicodis\/wp-content\/uploads\/2019\/04\/bci.png"},{"@type":"BreadcrumbList","@id":"https:\/\/umabci.uma.es\/sicodis\/#breadcrumb","itemListElement":[{"@type":"ListItem","position":1,"name":"Portada","item":"https:\/\/umabci.uma.es\/sicodis\/"},{"@type":"ListItem","position":2,"name":"Inicio"}]},{"@type":"WebSite","@id":"https:\/\/umabci.uma.es\/sicodis\/#website","url":"https:\/\/umabci.uma.es\/sicodis\/","name":"SICODIS","description":"Interfaces Cerebro-Computadora","potentialAction":[{"@type":"SearchAction","target":{"@type":"EntryPoint","urlTemplate":"https:\/\/umabci.uma.es\/sicodis\/?s={search_term_string}"},"query-input":{"@type":"PropertyValueSpecification","valueRequired":true,"valueName":"search_term_string"}}],"inLanguage":"es"}]}},"_links":{"self":[{"href":"https:\/\/umabci.uma.es\/sicodis\/index.php\/wp-json\/wp\/v2\/pages\/2","targetHints":{"allow":["GET"]}}],"collection":[{"href":"https:\/\/umabci.uma.es\/sicodis\/index.php\/wp-json\/wp\/v2\/pages"}],"about":[{"href":"https:\/\/umabci.uma.es\/sicodis\/index.php\/wp-json\/wp\/v2\/types\/page"}],"author":[{"embeddable":true,"href":"https:\/\/umabci.uma.es\/sicodis\/index.php\/wp-json\/wp\/v2\/users\/1"}],"replies":[{"embeddable":true,"href":"https:\/\/umabci.uma.es\/sicodis\/index.php\/wp-json\/wp\/v2\/comments?post=2"}],"version-history":[{"count":29,"href":"https:\/\/umabci.uma.es\/sicodis\/index.php\/wp-json\/wp\/v2\/pages\/2\/revisions"}],"predecessor-version":[{"id":564,"href":"https:\/\/umabci.uma.es\/sicodis\/index.php\/wp-json\/wp\/v2\/pages\/2\/revisions\/564"}],"wp:attachment":[{"href":"https:\/\/umabci.uma.es\/sicodis\/index.php\/wp-json\/wp\/v2\/media?parent=2"}],"curies":[{"name":"wp","href":"https:\/\/api.w.org\/{rel}","templated":true}]}}