{"id":20,"date":"2019-04-22T11:42:57","date_gmt":"2019-04-22T09:42:57","guid":{"rendered":"https:\/\/umabci.uma.es\/sicodis\/?page_id=20"},"modified":"2024-07-29T11:46:58","modified_gmt":"2024-07-29T09:46:58","slug":"noticias","status":"publish","type":"page","link":"https:\/\/umabci.uma.es\/sicodis\/index.php\/noticias\/","title":{"rendered":"Noticias y Actividades"},"content":{"rendered":"\n<ul class=\"wp-block-list\">\n<li>19\/05\/2024. Noticia sobre el Instituto TELMA de Telecomunicaciones de la Universidad de M\u00e1laga, con especial menci\u00f3n al grupo UMA-BCI en <a href=\"https:\/\/www.diariosur.es\/tecnologia\/investigacion\/laboratorio-uma-aprenden-leer-mente-ayudar-pacientes-20231115200611-nt.html#&amp;ref=\">Diario Sur<\/a>. <\/li>\n\n\n\n<li>7\/07\/2023. Participaci\u00f3n de Francisco Velasco en el <a href=\"https:\/\/contigosomosvisibles.easychatbot.net\/\" target=\"_blank\" rel=\"noreferrer noopener\">I Encuentro \u00abContigo Somos Visibles\u00bb<\/a> en la mesa redonda \u00abLa Inteligencia Artificial al servicio de la Discapacidad\u00bb. <a href=\"https:\/\/www.youtube.com\/watch?v=2_L38AKDOhw&amp;t=15645s\" target=\"_blank\" rel=\"noreferrer noopener\">Enlace v\u00eddeo (minuto 4:20:45)<\/a>.<\/li>\n\n\n\n<li>26\/06\/2023. El art\u00edculo presentado en la conferencia COGNITIVE 2023, \u201cEvaluation of Different Types of Stimuli in a ERP-Based Brain-Computer Interface Speller under RSVP\u201d ha recibido el premio a mejor art\u00edculo de dicha conferencia, (<a href=\"https:\/\/www.iaria.org\/conferences2023\/AwardsCOGNITIVE23.html\">Link<\/a>).<\/li>\n\n\n\n<li>31\/05\/2023. Participaci\u00f3n de Francisco Velasco en la <a href=\"https:\/\/catedratelefonicauma.es\/actividades\/jornada-agora-telefonica-catedra-5g-redes-de-nueva-generacion-y-tecnologias-de-la-informacion\/\" target=\"_blank\" rel=\"noreferrer noopener\">Jornada \u00c1gora Telef\u00f3nica<\/a> organizada por la C\u00e1tedra 5G Redes de Nueva Generaci\u00f3n y Tecnolog\u00edas de la Informaci\u00f3n, llamada \u00abConstruyendo sobre la red: las redes tecnol\u00f3gicas como facilitadoras de las redes humanas\u00bb. <\/li>\n\n\n\n<li>16\/05\/2023. <a href=\"https:\/\/www.canalsurmas.es\/videos\/detail\/74990-enred-16052023\" target=\"_blank\" rel=\"noreferrer noopener\">Reportaje <\/a>sobre la investigaci\u00f3n reciente del grupo en el programa de divulgaci\u00f3n cient\u00edfica \u00abEn Red\u00bb de Andaluc\u00eda TV. <\/li>\n\n\n\n<li>16\/02\/2023. Participaci\u00f3n de grupo UMA-BCI en el <a href=\"https:\/\/transfiere.fycma.com\/\" target=\"_blank\" rel=\"noreferrer noopener\">Foro Transfiere<\/a> como miembro del Instituto <a href=\"https:\/\/www.uma.es\/institutos-uma\/info\/120227\/instituto-universitario-de-investigacion-en-telecomunicacion\/\" target=\"_blank\" rel=\"noreferrer noopener\">TELMA<\/a>. Noticia al respecto en el <a href=\"http:\/\/canalmalaga-ondemand.flumotion.com\/outgoing\/video\/mp4\/high\/20230216_1800_1830_MNNOCHE_V_1X3_1_MALAGA_NOTICIAS-SEGUNDA_EDICION-EVA_ENCINA-CANAL_MALAGA_RTVM.mp4\" target=\"_blank\" rel=\"noreferrer noopener\">informativo de Canal M\u00e1laga<\/a> (minuto 6:30).<\/li>\n\n\n\n<li>14\/02\/2023. A ra\u00edz del trabajo \u00abBrain-computer interface (BCI)-generated speech to control domotic devices\u00bb, la fundaci\u00f3n Descubre emite una nota de prensa que queda reflejada en varios medios de \u00e1mbito nacional: <a href=\"https:\/\/www.europapress.es\/andalucia\/malaga-00356\/noticia-desarrollan-aplicacion-personas-movilidad-controlen-dispositivos-domoticos-pensamiento-20230214093647.html\" target=\"_blank\" rel=\"noreferrer noopener\">EuropaPress<\/a>, <a href=\"https:\/\/www.lavanguardia.com\/vida\/20230214\/8755441\/aplicacion-permite-controlar-dispositivos-domoticos-pensamiento.html\" target=\"_blank\" rel=\"noreferrer noopener\">La Vanguardia<\/a>, <a href=\"https:\/\/www.20minutos.es\/tecnologia\/aplicaciones\/investigadores-espanoles-crean-una-app-que-permite-controlar-dispositivos-con-el-cerebro-5101050\/\" target=\"_blank\" rel=\"noreferrer noopener\">20 Minutos<\/a>, <a href=\"https:\/\/www.niusdiario.es\/ciencia-y-tecnologia\/ciencia\/20230214\/investigadores-malaguenos-aplicacion-controlar-dispositivos-ela-domotica-con-pensamiento_18_08722657.html\" target=\"_blank\" rel=\"noreferrer noopener\">Nius Diario<\/a>, <a href=\"https:\/\/www.dclm.es\/noticias\/140325\/el-espacio-de-la-discapacidad-desarrollan-una-aplicacion-para-que-personas-sin-movilidad-controlen-dispositivos-domoticos-con-el-pensamiento\" target=\"_blank\" rel=\"noreferrer noopener\">El Diario de Castilla la Mancha<\/a>, <a href=\"https:\/\/lagacetadeandalucia.es\/2023\/02\/14\/desarrollan-una-aplicacion-para-que-personas-sin-movilidad-controlen-dispositivos-domoticos-con-el-pensamiento\/\" target=\"_blank\" rel=\"noreferrer noopener\">La Gaceta de Andaluc\u00eda<\/a>, <a href=\"https:\/\/www.malagahoy.es\/malaga\/Investigadores-UMA-aplicacion-dispositivos-pensamiento_0_1766223670.html\" target=\"_blank\" rel=\"noreferrer noopener\">M\u00e1laga Hoy<\/a>, <a href=\"https:\/\/www.enandaluz.es\/andalucia\/salud\/26478-investigadores-de-malaga-crean-una-app-cerebral-para-personas-sin-movilidad\/\" target=\"_blank\" rel=\"noreferrer noopener\">En Andaluz<\/a>, <a href=\"https:\/\/www.infosalus.com\/salud-investigacion\/noticia-desarrollan-aplicacion-personas-movilidad-controlen-dispositivos-domoticos-pensamiento-20230214093837.html\" target=\"_blank\" rel=\"noreferrer noopener\">InfoSalus<\/a>, entre otros, con una menci\u00f3n en las noticias de ciencia del d\u00eda en el \u00ab<a href=\"https:\/\/twitter.com\/angelmartin_nc\/status\/1625744476932042752?s=20\" target=\"_blank\" rel=\"noreferrer noopener\">Informativo matinal para ahorrar tiempo<\/a>\u00bb (de Angel Mart\u00edn) del 15\/02\/23.<\/li>\n\n\n\n<li><\/li>\n<\/ul>\n","protected":false},"excerpt":{"rendered":"","protected":false},"author":1,"featured_media":0,"parent":0,"menu_order":0,"comment_status":"closed","ping_status":"closed","template":"","meta":{"footnotes":""},"class_list":["post-20","page","type-page","status-publish","hentry"],"yoast_head":"<!-- This site is optimized with the Yoast SEO plugin v26.2 - https:\/\/yoast.com\/wordpress\/plugins\/seo\/ -->\n<title>Noticias y Actividades - SICODIS<\/title>\n<meta name=\"robots\" content=\"index, follow, max-snippet:-1, max-image-preview:large, max-video-preview:-1\" \/>\n<link rel=\"canonical\" href=\"https:\/\/umabci.uma.es\/sicodis\/index.php\/noticias\/\" \/>\n<meta property=\"og:locale\" content=\"es_ES\" \/>\n<meta property=\"og:type\" content=\"article\" \/>\n<meta property=\"og:title\" content=\"Noticias y Actividades - SICODIS\" \/>\n<meta property=\"og:url\" content=\"https:\/\/umabci.uma.es\/sicodis\/index.php\/noticias\/\" \/>\n<meta property=\"og:site_name\" content=\"SICODIS\" \/>\n<meta property=\"article:modified_time\" content=\"2024-07-29T09:46:58+00:00\" \/>\n<meta name=\"twitter:card\" content=\"summary_large_image\" \/>\n<meta name=\"twitter:label1\" content=\"Tiempo de lectura\" \/>\n\t<meta name=\"twitter:data1\" content=\"2 minutos\" \/>\n<script type=\"application\/ld+json\" class=\"yoast-schema-graph\">{\"@context\":\"https:\/\/schema.org\",\"@graph\":[{\"@type\":\"WebPage\",\"@id\":\"https:\/\/umabci.uma.es\/sicodis\/index.php\/noticias\/\",\"url\":\"https:\/\/umabci.uma.es\/sicodis\/index.php\/noticias\/\",\"name\":\"Noticias y Actividades - SICODIS\",\"isPartOf\":{\"@id\":\"https:\/\/umabci.uma.es\/sicodis\/#website\"},\"datePublished\":\"2019-04-22T09:42:57+00:00\",\"dateModified\":\"2024-07-29T09:46:58+00:00\",\"breadcrumb\":{\"@id\":\"https:\/\/umabci.uma.es\/sicodis\/index.php\/noticias\/#breadcrumb\"},\"inLanguage\":\"es\",\"potentialAction\":[{\"@type\":\"ReadAction\",\"target\":[\"https:\/\/umabci.uma.es\/sicodis\/index.php\/noticias\/\"]}]},{\"@type\":\"BreadcrumbList\",\"@id\":\"https:\/\/umabci.uma.es\/sicodis\/index.php\/noticias\/#breadcrumb\",\"itemListElement\":[{\"@type\":\"ListItem\",\"position\":1,\"name\":\"Portada\",\"item\":\"https:\/\/umabci.uma.es\/sicodis\/\"},{\"@type\":\"ListItem\",\"position\":2,\"name\":\"Noticias y Actividades\"}]},{\"@type\":\"WebSite\",\"@id\":\"https:\/\/umabci.uma.es\/sicodis\/#website\",\"url\":\"https:\/\/umabci.uma.es\/sicodis\/\",\"name\":\"SICODIS\",\"description\":\"Interfaces Cerebro-Computadora\",\"potentialAction\":[{\"@type\":\"SearchAction\",\"target\":{\"@type\":\"EntryPoint\",\"urlTemplate\":\"https:\/\/umabci.uma.es\/sicodis\/?s={search_term_string}\"},\"query-input\":{\"@type\":\"PropertyValueSpecification\",\"valueRequired\":true,\"valueName\":\"search_term_string\"}}],\"inLanguage\":\"es\"}]}<\/script>\n<!-- \/ Yoast SEO plugin. -->","yoast_head_json":{"title":"Noticias y Actividades - SICODIS","robots":{"index":"index","follow":"follow","max-snippet":"max-snippet:-1","max-image-preview":"max-image-preview:large","max-video-preview":"max-video-preview:-1"},"canonical":"https:\/\/umabci.uma.es\/sicodis\/index.php\/noticias\/","og_locale":"es_ES","og_type":"article","og_title":"Noticias y Actividades - SICODIS","og_url":"https:\/\/umabci.uma.es\/sicodis\/index.php\/noticias\/","og_site_name":"SICODIS","article_modified_time":"2024-07-29T09:46:58+00:00","twitter_card":"summary_large_image","twitter_misc":{"Tiempo de lectura":"2 minutos"},"schema":{"@context":"https:\/\/schema.org","@graph":[{"@type":"WebPage","@id":"https:\/\/umabci.uma.es\/sicodis\/index.php\/noticias\/","url":"https:\/\/umabci.uma.es\/sicodis\/index.php\/noticias\/","name":"Noticias y Actividades - SICODIS","isPartOf":{"@id":"https:\/\/umabci.uma.es\/sicodis\/#website"},"datePublished":"2019-04-22T09:42:57+00:00","dateModified":"2024-07-29T09:46:58+00:00","breadcrumb":{"@id":"https:\/\/umabci.uma.es\/sicodis\/index.php\/noticias\/#breadcrumb"},"inLanguage":"es","potentialAction":[{"@type":"ReadAction","target":["https:\/\/umabci.uma.es\/sicodis\/index.php\/noticias\/"]}]},{"@type":"BreadcrumbList","@id":"https:\/\/umabci.uma.es\/sicodis\/index.php\/noticias\/#breadcrumb","itemListElement":[{"@type":"ListItem","position":1,"name":"Portada","item":"https:\/\/umabci.uma.es\/sicodis\/"},{"@type":"ListItem","position":2,"name":"Noticias y Actividades"}]},{"@type":"WebSite","@id":"https:\/\/umabci.uma.es\/sicodis\/#website","url":"https:\/\/umabci.uma.es\/sicodis\/","name":"SICODIS","description":"Interfaces Cerebro-Computadora","potentialAction":[{"@type":"SearchAction","target":{"@type":"EntryPoint","urlTemplate":"https:\/\/umabci.uma.es\/sicodis\/?s={search_term_string}"},"query-input":{"@type":"PropertyValueSpecification","valueRequired":true,"valueName":"search_term_string"}}],"inLanguage":"es"}]}},"_links":{"self":[{"href":"https:\/\/umabci.uma.es\/sicodis\/index.php\/wp-json\/wp\/v2\/pages\/20","targetHints":{"allow":["GET"]}}],"collection":[{"href":"https:\/\/umabci.uma.es\/sicodis\/index.php\/wp-json\/wp\/v2\/pages"}],"about":[{"href":"https:\/\/umabci.uma.es\/sicodis\/index.php\/wp-json\/wp\/v2\/types\/page"}],"author":[{"embeddable":true,"href":"https:\/\/umabci.uma.es\/sicodis\/index.php\/wp-json\/wp\/v2\/users\/1"}],"replies":[{"embeddable":true,"href":"https:\/\/umabci.uma.es\/sicodis\/index.php\/wp-json\/wp\/v2\/comments?post=20"}],"version-history":[{"count":23,"href":"https:\/\/umabci.uma.es\/sicodis\/index.php\/wp-json\/wp\/v2\/pages\/20\/revisions"}],"predecessor-version":[{"id":558,"href":"https:\/\/umabci.uma.es\/sicodis\/index.php\/wp-json\/wp\/v2\/pages\/20\/revisions\/558"}],"wp:attachment":[{"href":"https:\/\/umabci.uma.es\/sicodis\/index.php\/wp-json\/wp\/v2\/media?parent=20"}],"curies":[{"name":"wp","href":"https:\/\/api.w.org\/{rel}","templated":true}]}}