{"id":51,"date":"2019-04-22T13:11:15","date_gmt":"2019-04-22T11:11:15","guid":{"rendered":"https:\/\/umabci.uma.es\/sicodis\/?page_id=51"},"modified":"2023-10-18T23:44:30","modified_gmt":"2023-10-18T21:44:30","slug":"objetivos","status":"publish","type":"page","link":"https:\/\/umabci.uma.es\/sicodis\/index.php\/objetivos\/","title":{"rendered":"Objetivos"},"content":{"rendered":"\n<p>Los objetivos generales de este proyecto se centran en llevar a cabo tareas de investigaci\u00f3n y de desarrollo de aplicaciones con la finalidad de contribuir a la mejora de la calidad de vida de pacientes bajo el s\u00edndrome de enclaustramiento, como es el caso de algunos pacientes que sufren de ELA. Es importante indicar que, si bien es cierto que pueden existir l\u00edneas de investigaci\u00f3n que puedan tener una mayor repercusi\u00f3n en cuanto a un mayor n\u00famero de potenciales usuarios, no es por ello que no deba considerarse menos importante llevar a cabo tareas de investigaci\u00f3n que contribuyan al desarrollo de aplicaciones para un menor n\u00famero de usuarios, sobre todo, teniendo en cuenta el enorme beneficio que pueden aportar al no existir, hoy por hoy, ayudas t\u00e9cnicas que permitan a estas personas una opci\u00f3n de comunicaci\u00f3n. Por otro lado, la investigaci\u00f3n en el campo de los sistemas BCI est\u00e1 en pleno auge, siendo muy significativo el n\u00famero de contribuciones que pueden resultar de dicho proyecto.<br>Los objetivos espec\u00edficos que se plantean en este proyecto son 3. Cada uno de esos objetivos incluir\u00e1 unos objetivos parciales. A continuaci\u00f3n, se describir\u00e1n brevemente dichos objetivos y en la metodolog\u00eda se dar\u00e1 m\u00e1s detalle sobre su consecuci\u00f3n.<br>OBJETIVO 1: Estudio y propuesta de interfaces de comunicaci\u00f3n para mejorar el rendimiento de sistemas BCI visuales para pacientes sin control oculomotor.<br>Los par\u00e1metros relativos a los est\u00edmulos visuales de un sistema BCI-P300 speller basado en el paradigma RSVP, han sido poco estudiados. Algunos de estos par\u00e1metros son el tama\u00f1o de los est\u00edmulos, la distancia entre estos, o el tama\u00f1o de la superficie donde ser\u00e1n expuestos; par\u00e1metros que s\u00ed han sido estudiados bajo el paradigma RCP de filas y columnas, pero cuyos efectos podr\u00edan no ser los mismos en RSVP, como ya ha demostrado el equipo de investigaci\u00f3n en un estudio reciente [Fern21]. En este objetivo se investigar\u00e1 sobre estas variables con el fin de entender c\u00f3mo afectan al rendimiento de estos sistemas destinados a usuarios sin control oculomotor. En esta misma l\u00ednea, tambi\u00e9n se trabajar\u00e1 sobre nuevas propuestas de est\u00edmulos visuales basadas en el color, im\u00e1genes, y en la que se prestar\u00e1 especial atenci\u00f3n a la estimulaci\u00f3n 3D, por las ventajas que puede suponer en los sistemas basados en RSVP debido a las evidencias que se han obtenido fuera del \u00e1mbito de las BCI o con el uso del RCP. Finalmente, con el prop\u00f3sito de aumentar el rendimiento de un sistema BCI basado en el paradigma RVSP, el cual se ve perjudicado por tener que presentar los est\u00edmulos uno a uno en serie, se trabajar\u00e1 en el dise\u00f1o de nuevas interfaces que incluyan predictores de texto y\/o teclados que requieran de un menor n\u00famero de est\u00edmulos, como el basado en un predictor T9 de los tel\u00e9fonos m\u00f3viles. Soluciones como \u00e9stas, a\u00fan no han sido abordadas en la modalidad RSVP y, sin lugar a duda, permitir\u00edan aumentar la tasa binaria de estos sistemas. Para las distintas propuestas de este objetivo, se trabajar\u00e1 con la plataforma UMA-BCI Speller.<br>Para lograr este objetivo, se establecen 3 objetivos parciales:<br>Objetivo 1.1- Estudio de par\u00e1metros relativos a la presentaci\u00f3n y distribuci\u00f3n de los est\u00edmulos visuales en una BCI-P300 para usuarios sin control oculomotor.<br>10 de 20<br>Objetivo 1.2- Estudio de los efectos de diferentes tipos de est\u00edmulos aplicados a una BCI-P300 para usuarios sin control oculomotor.<br>Objetivo 1.3- Estudio y propuesta de nuevas interfaces que mejoren el rendimiento de un BCI-P300 speller aplicado a usuarios sin control oculomotor.<br>OBJETIVO 2: Estudio de paradigmas de estimulaci\u00f3n que mejoren la discriminaci\u00f3n de los est\u00edmulos aplicado a un sistema BCI auditivo.<br>En algunos casos m\u00e1s extremos causados por el avance de la enfermedad, el canal visual del paciente puede verse afectado, siendo esto el caso de pacientes en estado de CLIS. Llegado a este extremo, la \u00fanica alternativa para establecer un canal de comunicaci\u00f3n es hacer uso de interfaces cerebrales basadas en est\u00edmulos auditivos. Hasta la fecha son muy pocos los estudios que abordan esta problem\u00e1tica debido a su complejidad. Se hace necesario estudiar estrategias de control que faciliten la comunicaci\u00f3n a estos pacientes, aunque \u00e9sta sea muy b\u00e1sica, como responder S\u00ed\/No a preguntas. La aportaci\u00f3n a este segundo objetivo ser\u00e1 puramente de investigaci\u00f3n, y seguir\u00e1 con la l\u00ednea de estudio ya iniciada por el equipo de investigaci\u00f3n en el proyecto SICCAU, que busca hacer que la atenci\u00f3n del usuario se mantenga activa para impedir una bajada del rendimiento. Se estudiar\u00e1n diferentes paradigmas y conjuntos de est\u00edmulos buscando aqu\u00e9llos que sean m\u00e1s f\u00e1cilmente diferenciables por el usuario y, al mismo tiempo, pasen desapercibidos en caso de no tener que ser atendidos.<br>En este objetivo 2 se plantean 2 objetivos parciales:<br>Objetivo 2.1- Estudio de soluciones basadas en BCI auditivos.<br>Objetivo 2.2- Implementaci\u00f3n y prueba de un BCI auditivo enfocado a pacientes sin control oculomotor.<br>OBJETIVO 3: Desarrollo de un Sistema Aumentativo y Alternativo de Comunicaci\u00f3n de bajo coste para personas en estado de s\u00edndrome de enclaustramiento.<br>Este tercer objetivo est\u00e1 motivado por la inexistencia de un sistema de comunicaci\u00f3n basado en un BCI-P300 speller que sea flexible, f\u00e1cil de configurar, adaptable a cada usuario, adem\u00e1s de ser compacto y de bajo coste. Los sistemas existentes son desarrollados para fines espec\u00edficos, tienen muy pocas opciones de configuraci\u00f3n, son dif\u00edciles de manejar, requieren sistemas de adquisici\u00f3n muy costosos y deben ejecutarse sobre una computadora, no pudiendo ser usados en entornos cl\u00ednicos o dom\u00e9sticos. Para desarrollar el sistema propuesto se partir\u00e1 de la aplicaci\u00f3n UMA-BCI Speller ya desarrollada en el proyecto LICOM y que tiene como principal funci\u00f3n ofrecer un sistema de comunicaci\u00f3n flexible y f\u00e1cil de configurar permitiendo, adem\u00e1s, la creaci\u00f3n de plantillas basadas en pictogramas, siendo esto un requisito fundamental para el desarrollo de un SAAC adaptable a las particularidades de cada paciente. Adem\u00e1s, UMA-BCI Speller incorpora las modalidades RCP (con predictor de texto) y RSVP, y sintetizador de voz, convirti\u00e9ndola en una aplicaci\u00f3n altamente vers\u00e1til y f\u00e1cil de usar. Para conseguir un sistema compacto, la aplicaci\u00f3n se ejecutar\u00e1 en una tableta. En cuanto al sistema de adquisici\u00f3n, la finalidad es que \u00e9ste sea de bajo coste y de f\u00e1cil colocaci\u00f3n. Si bien la principal finalidad es que sea controlado a trav\u00e9s de la actividad cerebral, para darle m\u00e1s versatilidad al sistema desarrollado se incrementar\u00e1n los modos de accesos, pudi\u00e9ndose controlar a trav\u00e9s de un eye-tracker para aquellos pacientes que a\u00fan tengan control oculomotor o, incluso, a trav\u00e9s del tacto para, aquellos pacientes con alg\u00fan resto motor.<br>Para lograr este objetivo se establecen 3 objetivos parciales:<br>Objetivo 3.1- Desarrollo de una aplicaci\u00f3n m\u00f3vil (App) basada en UMA-BCI Speller<br>Objetivo 3.2- Integraci\u00f3n de los diferentes modos de acceso: EEG, seguimiento de mirada, tacto<br>Objetivo 3.3- Prueba del sistema completo y desarrollo de un producto final.<br><\/p>\n","protected":false},"excerpt":{"rendered":"<p>Los objetivos generales de este proyecto se centran en llevar a cabo tareas de investigaci\u00f3n y de desarrollo de aplicaciones con la finalidad de contribuir a la mejora de la calidad de vida de pacientes bajo el s\u00edndrome de enclaustramiento, como es el caso de algunos pacientes que sufren de ELA. Es importante indicar que, &hellip; <a href=\"https:\/\/umabci.uma.es\/sicodis\/index.php\/objetivos\/\" class=\"more-link\">Seguir leyendo <span class=\"screen-reader-text\">Objetivos<\/span> <span class=\"meta-nav\">&rarr;<\/span><\/a><\/p>\n","protected":false},"author":1,"featured_media":0,"parent":0,"menu_order":0,"comment_status":"closed","ping_status":"closed","template":"","meta":{"footnotes":""},"class_list":["post-51","page","type-page","status-publish","hentry"],"yoast_head":"<!-- This site is optimized with the Yoast SEO plugin v26.2 - https:\/\/yoast.com\/wordpress\/plugins\/seo\/ -->\n<title>Objetivos SICODIS<\/title>\n<meta name=\"robots\" content=\"index, follow, max-snippet:-1, max-image-preview:large, max-video-preview:-1\" \/>\n<link rel=\"canonical\" href=\"https:\/\/umabci.uma.es\/sicodis\/index.php\/objetivos\/\" \/>\n<meta property=\"og:locale\" content=\"es_ES\" \/>\n<meta property=\"og:type\" content=\"article\" \/>\n<meta property=\"og:title\" content=\"Objetivos SICODIS\" \/>\n<meta property=\"og:description\" content=\"Los objetivos generales de este proyecto se centran en llevar a cabo tareas de investigaci\u00f3n y de desarrollo de aplicaciones con la finalidad de contribuir a la mejora de la calidad de vida de pacientes bajo el s\u00edndrome de enclaustramiento, como es el caso de algunos pacientes que sufren de ELA. Es importante indicar que, &hellip; Seguir leyendo Objetivos &rarr;\" \/>\n<meta property=\"og:url\" content=\"https:\/\/umabci.uma.es\/sicodis\/index.php\/objetivos\/\" \/>\n<meta property=\"og:site_name\" content=\"SICODIS\" \/>\n<meta property=\"article:modified_time\" content=\"2023-10-18T21:44:30+00:00\" \/>\n<meta name=\"twitter:card\" content=\"summary_large_image\" \/>\n<meta name=\"twitter:label1\" content=\"Tiempo de lectura\" \/>\n\t<meta name=\"twitter:data1\" content=\"6 minutos\" \/>\n<script type=\"application\/ld+json\" class=\"yoast-schema-graph\">{\"@context\":\"https:\/\/schema.org\",\"@graph\":[{\"@type\":\"WebPage\",\"@id\":\"https:\/\/umabci.uma.es\/sicodis\/index.php\/objetivos\/\",\"url\":\"https:\/\/umabci.uma.es\/sicodis\/index.php\/objetivos\/\",\"name\":\"Objetivos SICODIS\",\"isPartOf\":{\"@id\":\"https:\/\/umabci.uma.es\/sicodis\/#website\"},\"datePublished\":\"2019-04-22T11:11:15+00:00\",\"dateModified\":\"2023-10-18T21:44:30+00:00\",\"breadcrumb\":{\"@id\":\"https:\/\/umabci.uma.es\/sicodis\/index.php\/objetivos\/#breadcrumb\"},\"inLanguage\":\"es\",\"potentialAction\":[{\"@type\":\"ReadAction\",\"target\":[\"https:\/\/umabci.uma.es\/sicodis\/index.php\/objetivos\/\"]}]},{\"@type\":\"BreadcrumbList\",\"@id\":\"https:\/\/umabci.uma.es\/sicodis\/index.php\/objetivos\/#breadcrumb\",\"itemListElement\":[{\"@type\":\"ListItem\",\"position\":1,\"name\":\"Portada\",\"item\":\"https:\/\/umabci.uma.es\/sicodis\/\"},{\"@type\":\"ListItem\",\"position\":2,\"name\":\"Objetivos\"}]},{\"@type\":\"WebSite\",\"@id\":\"https:\/\/umabci.uma.es\/sicodis\/#website\",\"url\":\"https:\/\/umabci.uma.es\/sicodis\/\",\"name\":\"SICODIS\",\"description\":\"Interfaces Cerebro-Computadora\",\"potentialAction\":[{\"@type\":\"SearchAction\",\"target\":{\"@type\":\"EntryPoint\",\"urlTemplate\":\"https:\/\/umabci.uma.es\/sicodis\/?s={search_term_string}\"},\"query-input\":{\"@type\":\"PropertyValueSpecification\",\"valueRequired\":true,\"valueName\":\"search_term_string\"}}],\"inLanguage\":\"es\"}]}<\/script>\n<!-- \/ Yoast SEO plugin. -->","yoast_head_json":{"title":"Objetivos SICODIS","robots":{"index":"index","follow":"follow","max-snippet":"max-snippet:-1","max-image-preview":"max-image-preview:large","max-video-preview":"max-video-preview:-1"},"canonical":"https:\/\/umabci.uma.es\/sicodis\/index.php\/objetivos\/","og_locale":"es_ES","og_type":"article","og_title":"Objetivos SICODIS","og_description":"Los objetivos generales de este proyecto se centran en llevar a cabo tareas de investigaci\u00f3n y de desarrollo de aplicaciones con la finalidad de contribuir a la mejora de la calidad de vida de pacientes bajo el s\u00edndrome de enclaustramiento, como es el caso de algunos pacientes que sufren de ELA. Es importante indicar que, &hellip; Seguir leyendo Objetivos &rarr;","og_url":"https:\/\/umabci.uma.es\/sicodis\/index.php\/objetivos\/","og_site_name":"SICODIS","article_modified_time":"2023-10-18T21:44:30+00:00","twitter_card":"summary_large_image","twitter_misc":{"Tiempo de lectura":"6 minutos"},"schema":{"@context":"https:\/\/schema.org","@graph":[{"@type":"WebPage","@id":"https:\/\/umabci.uma.es\/sicodis\/index.php\/objetivos\/","url":"https:\/\/umabci.uma.es\/sicodis\/index.php\/objetivos\/","name":"Objetivos SICODIS","isPartOf":{"@id":"https:\/\/umabci.uma.es\/sicodis\/#website"},"datePublished":"2019-04-22T11:11:15+00:00","dateModified":"2023-10-18T21:44:30+00:00","breadcrumb":{"@id":"https:\/\/umabci.uma.es\/sicodis\/index.php\/objetivos\/#breadcrumb"},"inLanguage":"es","potentialAction":[{"@type":"ReadAction","target":["https:\/\/umabci.uma.es\/sicodis\/index.php\/objetivos\/"]}]},{"@type":"BreadcrumbList","@id":"https:\/\/umabci.uma.es\/sicodis\/index.php\/objetivos\/#breadcrumb","itemListElement":[{"@type":"ListItem","position":1,"name":"Portada","item":"https:\/\/umabci.uma.es\/sicodis\/"},{"@type":"ListItem","position":2,"name":"Objetivos"}]},{"@type":"WebSite","@id":"https:\/\/umabci.uma.es\/sicodis\/#website","url":"https:\/\/umabci.uma.es\/sicodis\/","name":"SICODIS","description":"Interfaces Cerebro-Computadora","potentialAction":[{"@type":"SearchAction","target":{"@type":"EntryPoint","urlTemplate":"https:\/\/umabci.uma.es\/sicodis\/?s={search_term_string}"},"query-input":{"@type":"PropertyValueSpecification","valueRequired":true,"valueName":"search_term_string"}}],"inLanguage":"es"}]}},"_links":{"self":[{"href":"https:\/\/umabci.uma.es\/sicodis\/index.php\/wp-json\/wp\/v2\/pages\/51","targetHints":{"allow":["GET"]}}],"collection":[{"href":"https:\/\/umabci.uma.es\/sicodis\/index.php\/wp-json\/wp\/v2\/pages"}],"about":[{"href":"https:\/\/umabci.uma.es\/sicodis\/index.php\/wp-json\/wp\/v2\/types\/page"}],"author":[{"embeddable":true,"href":"https:\/\/umabci.uma.es\/sicodis\/index.php\/wp-json\/wp\/v2\/users\/1"}],"replies":[{"embeddable":true,"href":"https:\/\/umabci.uma.es\/sicodis\/index.php\/wp-json\/wp\/v2\/comments?post=51"}],"version-history":[{"count":27,"href":"https:\/\/umabci.uma.es\/sicodis\/index.php\/wp-json\/wp\/v2\/pages\/51\/revisions"}],"predecessor-version":[{"id":524,"href":"https:\/\/umabci.uma.es\/sicodis\/index.php\/wp-json\/wp\/v2\/pages\/51\/revisions\/524"}],"wp:attachment":[{"href":"https:\/\/umabci.uma.es\/sicodis\/index.php\/wp-json\/wp\/v2\/media?parent=51"}],"curies":[{"name":"wp","href":"https:\/\/api.w.org\/{rel}","templated":true}]}}